{"id":253,"date":"2017-09-28T20:22:47","date_gmt":"2017-09-29T01:22:47","guid":{"rendered":"http:\/\/arstaxes.com\/reduce-to-ingreso-taxable\/"},"modified":"2017-10-06T12:16:08","modified_gmt":"2017-10-06T17:16:08","slug":"reduce-to-ingreso-taxable","status":"publish","type":"page","link":"https:\/\/arstaxes.com\/es\/reduce-to-ingreso-taxable\/","title":{"rendered":"REDUZCA SU INGRESO TAXABLE"},"content":{"rendered":"<div class=\"wpb-content-wrapper\"><p>[vc_row][vc_column][vc_accordion style=\u00bb2&#8243;][vc_accordion_tab title=\u00bbIMPUESTO DE VENTA ESTATAL\u00bb][vc_column_text]El alivio fiscal de impuestos por los taxes de venta estatales ofrece a los contribuyentes que hacen deduccion detallada la oportunidad de deducir los ingresos del estado o los impuestos de ventas estatales pagados. Este beneficio es excelente si usted vive en un estado sin impuestos estatales. Para m\u00e1s informaci\u00f3n <u><a href=\"https:\/\/www.google.com\/maps\/place\/1031+E+8th+Ave,+Hialeah,+FL+33010\/@25.8319183,-80.265259,17z\/data=!4m2!3m1!1s0x88d9b0bd5422013f:0x367bb3df06469754\">Visite nuestra Oficina<\/a>\u00a0<\/u>o\u00a0<u><a href=\"https:\/\/arstaxes.com\/es\/contactenos\/\">Pregunte a Nuestros Contadores<\/a><\/u>.[\/vc_column_text][\/vc_accordion_tab][vc_accordion_tab title=\u00bbRETORNAR LOS PRESTAMOS RECIBIDOS DE 401 (K)\u00bb][vc_column_text]Pague el pr\u00e9stamo de su 401 (k) antes de finalizar el a\u00f1o o antes de dejar su trabajo. Si no lo hace significa que el monto del pr\u00e9stamo ser\u00e1 considerado como una distribuci\u00f3n que ser\u00e1 gravada en su nivel superior y si tiene menos de 55 a\u00f1os en el a\u00f1o en que abandona su trabajo, tambi\u00e9n recibir\u00e1 una penalidad del 10%. Para m\u00e1s informaci\u00f3n <u><a href=\"https:\/\/www.google.com\/maps\/place\/1031+E+8th+Ave,+Hialeah,+FL+33010\/@25.8319183,-80.265259,17z\/data=!4m2!3m1!1s0x88d9b0bd5422013f:0x367bb3df06469754\">Visite nuestra Oficina<\/a>\u00a0<\/u>o\u00a0<u><a href=\"https:\/\/arstaxes.com\/es\/contactenos\/\">Pregunte a nuestros Contadores<\/a><\/u>.[\/vc_column_text][\/vc_accordion_tab][vc_accordion_tab title=\u00bbDEDUCCIONES DE LOS INVERSIONISTAS\u00bb][vc_column_text]Al calcular el costo de la inversion despu\u00e9s de vender un activo financiero, aseg\u00farese de agregar todos los dividendos reinvertidos. Eso aumenta el costo de su inversion y reduce la ganancia de capital cuando vende la inversi\u00f3n. Para m\u00e1s informaci\u00f3n <u><a href=\"https:\/\/www.google.com\/maps\/place\/1031+E+8th+Ave,+Hialeah,+FL+33010\/@25.8319183,-80.265259,17z\/data=!4m2!3m1!1s0x88d9b0bd5422013f:0x367bb3df06469754\">Visite nuestra Oficina<\/a>\u00a0<\/u>o\u00a0<u><a href=\"https:\/\/arstaxes.com\/es\/contactenos\/\">Pregunte a nuestros Contadores<\/a><\/u>.[\/vc_column_text][\/vc_accordion_tab][vc_accordion_tab title=\u00bbDEDUCCIONES DE DONACIONES\u00bb][vc_column_text]Las deducciones de caridad realizadas por deducci\u00f3n de n\u00f3mina (como United Way), cheques, efectivo y donaciones de bienes y ropa son deducibles. Estas deducciones se pasan por alto a menudo. No se olvide de incluir el dinero que usted da al Ej\u00e9rcito de Salvaci\u00f3n y la cantidad que usted dona a la iglesia cada semana. Tambi\u00e9n si usted planea hacer una donacion significativa como caridad, considere la posibilidad de dar acciones valorizadas o acciones en fondos de inversi\u00f3n de las que ha sido due\u00f1o por m\u00e1s de un a\u00f1o, en lugar de dinero en efectivo. Hacer esto aumenta el poder de su generosidad. Su deducci\u00f3n de contribuci\u00f3n de caridad es el valor justo de mercado de las acciones en la fecha del regalo, no la cantidad que pag\u00f3 por el ellas, y nunca tiene que pagar impuestos sobre la valorizacion de ellas. Sin embargo, no done acciones o fondos de que perdieron valor. Ser\u00eda mejor vender el activo, reclamando la p\u00e9rdida de sus impuestos y donando efectivo a la organizaci\u00f3n ben\u00e9fica. Para m\u00e1s informaci\u00f3n <u><a href=\"https:\/\/www.google.com\/maps\/place\/1031+E+8th+Ave,+Hialeah,+FL+33010\/@25.8319183,-80.265259,17z\/data=!4m2!3m1!1s0x88d9b0bd5422013f:0x367bb3df06469754\">Visite nuestra Oficina<\/a>\u00a0<\/u>o\u00a0<u><a href=\"https:\/\/arstaxes.com\/es\/contactenos\/\">Pregunte a nuestros Contadores<\/a><\/u>.[\/vc_column_text][\/vc_accordion_tab][vc_accordion_tab title=\u00bbPRESTAMOS ESTUDIANTILES\u00bb][vc_column_text]Si usted es un joven adulto que no es reclamado como dependiente por sus padres, aqu\u00ed hay un posible recorte de impuestos para usted. Si sus padres reembolsan sus pr\u00e9stamos estudiantiles, el IRS asume que el dinero fue dado al joven, quien luego pag\u00f3 la deuda. Por lo tanto, el joven adulto puede deducir hasta $ 2,500 de inter\u00e9s de pr\u00e9stamo estudiantil pagado por sus padres. Para m\u00e1s informaci\u00f3n <u><a href=\"https:\/\/www.google.com\/maps\/place\/1031+E+8th+Ave,+Hialeah,+FL+33010\/@25.8319183,-80.265259,17z\/data=!4m2!3m1!1s0x88d9b0bd5422013f:0x367bb3df06469754\">Visite nuestra Oficina<\/a>\u00a0<\/u>o\u00a0<u><a href=\"https:\/\/arstaxes.com\/es\/contactenos\/\">Pregunte a nuestros Contadores<\/a><\/u>.[\/vc_column_text][\/vc_accordion_tab][vc_accordion_tab title=\u00bbDEDUCCI\u00d3N DE GASTOS DE MUDANZA\u00bb][vc_column_text]Lleve un registro del costo de mudarse a un nuevo trabajo. Si el nuevo trabajo es por lo menos 50 millas m\u00e1s lejos de su antiguo hogar que la distancia que habia a su antiguo trabajo, usted puede deducir el costo de mudarse incluso si usted no detalla gastos en su declaracion. Si es su primer trabajo, la prueba de distancia se cumple si el nuevo trabajo es por lo menos 50 millas de distancia de su antigua casa. Usted puede deducir el costo de mudarse usted y sus pertenencias. Si usted conduce su propio coche, puede deducir las millas que recorrio para mudarse, adem\u00e1s de estacionamiento y peajes. Para m\u00e1s informaci\u00f3n <u><a href=\"https:\/\/www.google.com\/maps\/place\/1031+E+8th+Ave,+Hialeah,+FL+33010\/@25.8319183,-80.265259,17z\/data=!4m2!3m1!1s0x88d9b0bd5422013f:0x367bb3df06469754\">Visite nuestra Oficina<\/a>\u00a0<\/u>o\u00a0<u><a href=\"https:\/\/arstaxes.com\/es\/contactenos\/\">Pregunte a nuestros Contadores<\/a><\/u>.[\/vc_column_text][\/vc_accordion_tab][vc_accordion_tab title=\u00bbGASTOS DE VEH\u00cdCULOS NO REEMBOLSADOS\u00bb][vc_column_text]Los gastos no reembolsados por uso del veh\u00edculo es otro alivio fiscal frecuentemente pasado por alto. No puede deducir los gastos de desplazamiento comunitario, pero si viaja a oficinas satelitales o conduce su propio veh\u00edculo para negocios y no se le reembolsa, puede deducir los costos de desplazamiento. Para m\u00e1s informaci\u00f3n <u><a href=\"https:\/\/www.google.com\/maps\/place\/1031+E+8th+Ave,+Hialeah,+FL+33010\/@25.8319183,-80.265259,17z\/data=!4m2!3m1!1s0x88d9b0bd5422013f:0x367bb3df06469754\">Visite nuestra Oficina<\/a>\u00a0<\/u>o\u00a0<u><a href=\"https:\/\/arstaxes.com\/es\/contactenos\/\">Pregunte a nuestros Contadores<\/a><\/u>.[\/vc_column_text][\/vc_accordion_tab][vc_accordion_tab title=\u00bbCONTRIBUCIONES EN CUENTAS DE JUBILACI\u00d3N\u00bb][vc_column_text]Las contribuciones a la cuenta de jubilaci\u00f3n son una herramienta de reducci\u00f3n de impuestos, las cuales tienen dos prop\u00f3sitos. La mayor\u00eda de las contribuciones (excepto la cuenta de retiro individual de Roth) le permiten deducir de su cantidad taxable el monto pagado en la cuenta de retiro. Esto reduce su ingreso taxable total. Estos fondos tambi\u00e9n crecen libres de impuestos hasta la jubilaci\u00f3n. Si comienza temprano, esta estrategia le puede asegurar un buen retiro. Para m\u00e1s informaci\u00f3n <u><a href=\"https:\/\/www.google.com\/maps\/place\/1031+E+8th+Ave,+Hialeah,+FL+33010\/@25.8319183,-80.265259,17z\/data=!4m2!3m1!1s0x88d9b0bd5422013f:0x367bb3df06469754\">Visite nuestra Oficina<\/a>\u00a0<\/u>o\u00a0<u><a href=\"https:\/\/arstaxes.com\/es\/contactenos\/\">Pregunte a nuestros Contadores<\/a><\/u>.[\/vc_column_text][\/vc_accordion_tab][vc_accordion_tab title=\u00bbDEDUCCIONES DE INDIVIDUOS AUTO EMPLEADOS\u00bb][vc_column_text]Las personas que trabajan por cuenta propia (ya sea a tiempo completo o a tiempo parcial) son elegibles para obtener una cantidad de deducciones fiscales. Algunos de esos gastos incluyen las millas del veh\u00edculo relacionadas con el negocio, gastos de correspondencia, la publicidad, las tarifas del sitio web, un porcentaje de los cargos por Internet utilizados para el negocio en el hogar, publicaciones profesionales, cuotas, membres\u00edas, viajes relacionados con negocios y suministros de oficina\u2026<\/p>\n<p>Tambi\u00e9n los trabajadores aut\u00f3nomos los cuales pagan el 100 por ciento de sus impuestos de Seguro Social adeudados (15.3 por ciento) pueden deducir el 50 por ciento de los impuestos pagados. Usted ni siquiera necesita detallar para reclamar esta deducci\u00f3n de impuestos. Para m\u00e1s informaci\u00f3n <u><a href=\"https:\/\/www.google.com\/maps\/place\/1031+E+8th+Ave,+Hialeah,+FL+33010\/@25.8319183,-80.265259,17z\/data=!4m2!3m1!1s0x88d9b0bd5422013f:0x367bb3df06469754\">Visite nuestra Oficina<\/a>\u00a0<\/u>o\u00a0<u><a href=\"https:\/\/arstaxes.com\/es\/contactenos\/\">Pregunte a nuestros Contadores<\/a><\/u>.[\/vc_column_text][\/vc_accordion_tab][vc_accordion_tab title=\u00bbCOMBINE VACACIONES CON VIAJES DE NEGOCIOS\u00bb][vc_column_text]Combinar unas vacaciones con un viaje de negocios, y reducir los costos de vacaciones mediante la deducci\u00f3n del porcentaje de los gastos no reembolsados, gastados en negocios, de los costos totales. Esto podr\u00eda incluir pasajes a\u00e9reos y parte de su factura de hotel (proporcional al tiempo dedicado a actividades de negocios). Para m\u00e1s informaci\u00f3n <u><a href=\"https:\/\/www.google.com\/maps\/place\/1031+E+8th+Ave,+Hialeah,+FL+33010\/@25.8319183,-80.265259,17z\/data=!4m2!3m1!1s0x88d9b0bd5422013f:0x367bb3df06469754\">Visite nuestra Oficina<\/a>\u00a0<\/u>o\u00a0<u><a href=\"https:\/\/arstaxes.com\/es\/contactenos\/\">Pregunte a nuestros Contadores<\/a><\/u>.[\/vc_column_text][\/vc_accordion_tab][vc_accordion_tab title=\u00bbCONTRIBUIR A UNA CUENTA DE AHORRO DE SALUD\u00bb][vc_column_text]Contribuya a una cuenta de ahorros para la salud si tiene un plan m\u00e9dico de alto deducible. Las contribuciones no utilizadas para gastos m\u00e9dicos se pueden pasar a otros a\u00f1os indefinidamente y crecen libre de impuestos (similar a los activos en una cuenta de jubilaci\u00f3n). Para m\u00e1s informaci\u00f3n <u><a href=\"https:\/\/www.google.com\/maps\/place\/1031+E+8th+Ave,+Hialeah,+FL+33010\/@25.8319183,-80.265259,17z\/data=!4m2!3m1!1s0x88d9b0bd5422013f:0x367bb3df06469754\">Visite nuestra Oficina<\/a>\u00a0<\/u>o\u00a0<u><a href=\"https:\/\/arstaxes.com\/es\/contactenos\/\">Pregunte a nuestros Contadores<\/a><\/u>.[\/vc_column_text][\/vc_accordion_tab][vc_accordion_tab title=\u00bbDEDUCCI\u00d3N DE SEGURO DE SALUD PARA TRABAJADORES INDEPENDIENTES\u00bb][vc_column_text]Si usted es un trabajador independiente, es legible para una deducci\u00f3n de impuestos generalmente disponible para las personas que trabajan por cuenta propia.<\/p>\n<p>La deducci\u00f3n es para las primas de seguro m\u00e9dico, dental o de cuidado a largo plazo que los trabajadores independientes a menudo pagan por s\u00ed mismos, su c\u00f3nyuge y sus dependientes. Para m\u00e1s informaci\u00f3n <u><a href=\"https:\/\/www.google.com\/maps\/place\/1031+E+8th+Ave,+Hialeah,+FL+33010\/@25.8319183,-80.265259,17z\/data=!4m2!3m1!1s0x88d9b0bd5422013f:0x367bb3df06469754\">Visite\u00a0nuestra Oficina<\/a>\u00a0<\/u>or <u><a href=\"https:\/\/arstaxes.com\/es\/contactenos\/\">Pregunte a nuestros Contadores<\/a><\/u>.[\/vc_column_text][\/vc_accordion_tab][vc_accordion_tab title=\u00bbSI USTED ES TRABAJADOR INDEPENDIENTE O TIENE UN NEGOCIO ADICIONAL\u00bb][vc_column_text]Si usted trabaja para s\u00ed mismo o tiene un negocio secundario, y tiene su oficina en la casa puede hacer deduccion de los gastos relacionados con ella. Esto le permite deducir el porcentaje del espacio de su casa que se utiliza para su negocio (en el Anexo C, 1040). Por ejemplo, si el dormitorio de invitados se utiliza exclusivamente como oficina en casa, y constituye una quinta parte de la superficie habitable de su apartamento, puede deducir una quinta parte del alquiler y las tarifas de servicios p\u00fablicos para su oficina en casa. Para m\u00e1s informaci\u00f3n <u><a href=\"https:\/\/www.google.com\/maps\/place\/1031+E+8th+Ave,+Hialeah,+FL+33010\/@25.8319183,-80.265259,17z\/data=!4m2!3m1!1s0x88d9b0bd5422013f:0x367bb3df06469754\">Visite nuestra Oficina<\/a>\u00a0<\/u>o\u00a0<u><a href=\"https:\/\/arstaxes.com\/es\/contactenos\/\">Pregunte a nuestros Contadores<\/a><\/u>.[\/vc_column_text][\/vc_accordion_tab][\/vc_accordion][\/vc_column][\/vc_row]<\/p>\n<\/div>","protected":false},"excerpt":{"rendered":"<p>[vc_row][vc_column][vc_accordion style=\u00bb2&#8243;][vc_accordion_tab title=\u00bbIMPUESTO DE VENTA ESTATAL\u00bb][vc_column_text]El alivio fiscal de impuestos por los taxes de venta estatales ofrece a los contribuyentes que hacen deduccion detallada la oportunidad de deducir los ingresos del estado o los impuestos de ventas estatales pagados. Este beneficio es excelente si usted vive en un estado sin impuestos estatales. Para m\u00e1s informaci\u00f3n&hellip;<\/p>\n","protected":false},"author":1,"featured_media":0,"parent":0,"menu_order":10,"comment_status":"closed","ping_status":"closed","template":"","meta":{"footnotes":""},"class_list":["post-253","page","type-page","status-publish","hentry","description-off"],"_links":{"self":[{"href":"https:\/\/arstaxes.com\/es\/wp-json\/wp\/v2\/pages\/253","targetHints":{"allow":["GET"]}}],"collection":[{"href":"https:\/\/arstaxes.com\/es\/wp-json\/wp\/v2\/pages"}],"about":[{"href":"https:\/\/arstaxes.com\/es\/wp-json\/wp\/v2\/types\/page"}],"author":[{"embeddable":true,"href":"https:\/\/arstaxes.com\/es\/wp-json\/wp\/v2\/users\/1"}],"replies":[{"embeddable":true,"href":"https:\/\/arstaxes.com\/es\/wp-json\/wp\/v2\/comments?post=253"}],"version-history":[{"count":7,"href":"https:\/\/arstaxes.com\/es\/wp-json\/wp\/v2\/pages\/253\/revisions"}],"predecessor-version":[{"id":370,"href":"https:\/\/arstaxes.com\/es\/wp-json\/wp\/v2\/pages\/253\/revisions\/370"}],"wp:attachment":[{"href":"https:\/\/arstaxes.com\/es\/wp-json\/wp\/v2\/media?parent=253"}],"curies":[{"name":"wp","href":"https:\/\/api.w.org\/{rel}","templated":true}]}}