{"id":263,"date":"2017-09-28T20:41:49","date_gmt":"2017-09-29T01:41:49","guid":{"rendered":"http:\/\/arstaxes.com\/servicios\/"},"modified":"2017-10-06T14:15:39","modified_gmt":"2017-10-06T19:15:39","slug":"servicios","status":"publish","type":"page","link":"https:\/\/arstaxes.com\/es\/servicios\/","title":{"rendered":"Servicios"},"content":{"rendered":"<div class=\"wpb-content-wrapper\"><p>[vc_row][vc_column width=\u00bb1\/2&#8243;]<section class=\"shortcode-teaser frame-on fadeInRight animate-element\"><div class=\"shortcode-teaser-img\"><a class=\"layzr-bg\" href=\"\/es\/servicios-de-negocios\"><img loading=\"lazy\" decoding=\"async\" class=\"lazy-load\" src=\"data:image\/svg+xml;charset=utf-8,%3Csvg xmlns%3D&#039;http%3A%2F%2Fwww.w3.org%2F2000%2Fsvg&#039; viewBox%3D&#039;0 0 640 340&#039;%2F%3E\" width=\"640\" height=\"340\" data-srcset=\"https:\/\/arstaxes.com\/wp-content\/uploads\/os1.jpg 640w\" data-src=\"https:\/\/arstaxes.com\/wp-content\/uploads\/os1.jpg\" \/><\/a><\/div><div class=\"shortcode-teaser-content text-big\"><h3><strong>Servicios de Negocios<\/strong><\/h3>\n<h5>Como propietario de un negocio tiene cosas m\u00e1s importantes que hacer que mantener sus propios libros. Nos encargamos de sus libros para usted, para que pueda volver al trabajo de dirigir su negocio y generar beneficios!.Lee mas\u2026.<br \/>\n<a href=\"https:\/\/arstaxes.com\/es\/servicios-de-negocios\/\">Lea mas&#8230;<\/a><\/h5>\n<\/div><\/section><div class=\"ult-spacer spacer-69dbb9dc98ce7\" data-id=\"69dbb9dc98ce7\" data-height=\"20\" data-height-mobile=\"20\" data-height-tab=\"20\" data-height-tab-portrait=\"\" data-height-mobile-landscape=\"\" style=\"clear:both;display:block;\"><\/div>[\/vc_column][vc_column width=\u00bb1\/2&#8243;]<section class=\"shortcode-teaser frame-on fadeInRight animate-element\"><div class=\"shortcode-teaser-img\"><a class=\"layzr-bg\" href=\"\/es\/servicios-personales\"><img loading=\"lazy\" decoding=\"async\" class=\"lazy-load\" src=\"data:image\/svg+xml;charset=utf-8,%3Csvg xmlns%3D&#039;http%3A%2F%2Fwww.w3.org%2F2000%2Fsvg&#039; viewBox%3D&#039;0 0 640 340&#039;%2F%3E\" width=\"640\" height=\"340\" data-srcset=\"https:\/\/arstaxes.com\/wp-content\/uploads\/os2.jpg 640w\" data-src=\"https:\/\/arstaxes.com\/wp-content\/uploads\/os2.jpg\" \/><\/a><\/div><div class=\"shortcode-teaser-content text-big\"><h3><strong>Servicios Personales<\/strong><\/h3>\n<h5>Nuestros experimentados especialistas en impuestos integran la planificaci\u00f3n fiscal con sus objetivos financieros proporcion\u00e1ndole asesoramiento estrat\u00e9gico y proactivo personalizado.<br \/>\n<a href=\"https:\/\/arstaxes.com\/es\/servicios-personales\/\">Lea mas&#8230;<\/a><\/h5>\n<\/div><\/section><div class=\"ult-spacer spacer-69dbb9dc9929a\" data-id=\"69dbb9dc9929a\" data-height=\"20\" data-height-mobile=\"20\" data-height-tab=\"20\" data-height-tab-portrait=\"\" data-height-mobile-landscape=\"\" style=\"clear:both;display:block;\"><\/div>[\/vc_column][\/vc_row][vc_row][vc_column width=\u00bb1\/2&#8243;]<section class=\"shortcode-teaser frame-on fadeInRight animate-element\"><div class=\"shortcode-teaser-img\"><a class=\"layzr-bg\" href=\"\/es\/notario-publico\/\"><img loading=\"lazy\" decoding=\"async\" class=\"lazy-load\" src=\"data:image\/svg+xml;charset=utf-8,%3Csvg xmlns%3D&#039;http%3A%2F%2Fwww.w3.org%2F2000%2Fsvg&#039; viewBox%3D&#039;0 0 640 340&#039;%2F%3E\" width=\"640\" height=\"340\" data-srcset=\"https:\/\/arstaxes.com\/wp-content\/uploads\/os3.jpg 640w\" data-src=\"https:\/\/arstaxes.com\/wp-content\/uploads\/os3.jpg\" \/><\/a><\/div><div class=\"shortcode-teaser-content text-big\"><h3><strong>Notario Publico<\/strong><\/h3>\n<h5>En nuestra oficina temenos a su disposicion tres notarios p\u00fablicos profesionales que le pueden ayudar con sus necesidades de notario personal o corporativo.<br \/>\n<a href=\"https:\/\/arstaxes.com\/es\/notario-publico\/\">Lea mas&#8230;<\/a><\/h5>\n<\/div><\/section><div class=\"ult-spacer spacer-69dbb9dc9973a\" data-id=\"69dbb9dc9973a\" data-height=\"20\" data-height-mobile=\"20\" data-height-tab=\"20\" data-height-tab-portrait=\"\" data-height-mobile-landscape=\"\" style=\"clear:both;display:block;\"><\/div>[\/vc_column][vc_column width=\u00bb1\/2&#8243;]<section class=\"shortcode-teaser frame-on fadeInRight animate-element\"><div class=\"shortcode-teaser-img\"><a class=\"layzr-bg\" href=\"\/es\/servicios-de-nuestros-asociados\"><img loading=\"lazy\" decoding=\"async\" class=\"lazy-load\" src=\"data:image\/svg+xml;charset=utf-8,%3Csvg xmlns%3D&#039;http%3A%2F%2Fwww.w3.org%2F2000%2Fsvg&#039; viewBox%3D&#039;0 0 640 340&#039;%2F%3E\" width=\"640\" height=\"340\" data-srcset=\"https:\/\/arstaxes.com\/wp-content\/uploads\/os4.jpg 640w\" data-src=\"https:\/\/arstaxes.com\/wp-content\/uploads\/os4.jpg\" \/><\/a><\/div><div class=\"shortcode-teaser-content text-big\"><h3><strong>Servicios de nuestros Asociados<\/strong><\/h3>\n<h5>Nuestros socios agradecer\u00edan la oportunidad de ganar su confianza y entregarle el mejor servicio en la industria.<br \/>\n<a href=\"https:\/\/arstaxes.com\/es\/servicios-de-nuestros-asociados\/\">Lea mas&#8230;<\/a><\/h5>\n<\/div><\/section><div class=\"ult-spacer spacer-69dbb9dc9a064\" data-id=\"69dbb9dc9a064\" data-height=\"20\" data-height-mobile=\"20\" data-height-tab=\"20\" data-height-tab-portrait=\"\" data-height-mobile-landscape=\"\" style=\"clear:both;display:block;\"><\/div>[\/vc_column][\/vc_row]<\/p>\n<\/div>","protected":false},"excerpt":{"rendered":"<p>[vc_row][vc_column width=\u00bb1\/2&#8243;][\/vc_column][vc_column width=\u00bb1\/2&#8243;][\/vc_column][\/vc_row][vc_row][vc_column width=\u00bb1\/2&#8243;][\/vc_column][vc_column width=\u00bb1\/2&#8243;][\/vc_column][\/vc_row]<\/p>\n","protected":false},"author":1,"featured_media":0,"parent":0,"menu_order":200,"comment_status":"closed","ping_status":"closed","template":"","meta":{"footnotes":""},"class_list":["post-263","page","type-page","status-publish","hentry","description-off"],"_links":{"self":[{"href":"https:\/\/arstaxes.com\/es\/wp-json\/wp\/v2\/pages\/263","targetHints":{"allow":["GET"]}}],"collection":[{"href":"https:\/\/arstaxes.com\/es\/wp-json\/wp\/v2\/pages"}],"about":[{"href":"https:\/\/arstaxes.com\/es\/wp-json\/wp\/v2\/types\/page"}],"author":[{"embeddable":true,"href":"https:\/\/arstaxes.com\/es\/wp-json\/wp\/v2\/users\/1"}],"replies":[{"embeddable":true,"href":"https:\/\/arstaxes.com\/es\/wp-json\/wp\/v2\/comments?post=263"}],"version-history":[{"count":11,"href":"https:\/\/arstaxes.com\/es\/wp-json\/wp\/v2\/pages\/263\/revisions"}],"predecessor-version":[{"id":378,"href":"https:\/\/arstaxes.com\/es\/wp-json\/wp\/v2\/pages\/263\/revisions\/378"}],"wp:attachment":[{"href":"https:\/\/arstaxes.com\/es\/wp-json\/wp\/v2\/media?parent=263"}],"curies":[{"name":"wp","href":"https:\/\/api.w.org\/{rel}","templated":true}]}}