{"id":272,"date":"2017-09-29T10:47:53","date_gmt":"2017-09-29T15:47:53","guid":{"rendered":"http:\/\/arstaxes.com\/acerca-de-nosotros\/"},"modified":"2017-10-01T14:29:32","modified_gmt":"2017-10-01T19:29:32","slug":"acerca-de-nosotros","status":"publish","type":"page","link":"https:\/\/arstaxes.com\/es\/acerca-de-nosotros\/","title":{"rendered":"Conozcanos"},"content":{"rendered":"<div class=\"wpb-content-wrapper\"><p>[vc_row][vc_column width=\u00bb1\/2&#8243;][vc_column_text]<\/p>\n<h4>Accounting Revenue Service, Inc es un negocio de contabilidad de servicio completo. Ofrecemos una amplia gama de servicios a los clientes individuales y de negocios. Desde que nuestra firma de contabilidad fue fundada, hemos desarrollado una s\u00f3lida reputaci\u00f3n para manejar los asuntos contables de nuestros clientes de una manera eficiente y profesional. Contamos con un equipo de expertos con m\u00e1s de 26 a\u00f1os de experiencia combinada, que est\u00e1n comprometidos y totalmente dedicados a manejar todas sus necesidades de contabilidad mediante la plena comprensi\u00f3n de su situaci\u00f3n individual o empresarial. En nuestra oficina valoramos el inter\u00e9s de nuestros clientes. Nuestro personal est\u00e1 comprometido con la satisfacci\u00f3n del cliente, con un alto nivel de \u00e9tica empresarial e integridad.<\/h4>\n<p>[\/vc_column_text]<div class=\"ult-spacer spacer-69dbba54d6a02\" data-id=\"69dbba54d6a02\" data-height=\"20\" data-height-mobile=\"20\" data-height-tab=\"20\" data-height-tab-portrait=\"\" data-height-mobile-landscape=\"\" style=\"clear:both;display:block;\"><\/div>[\/vc_column][vc_column width=\u00bb1\/2&#8243;][vc_single_image image=\u00bb64&#8243; img_size=\u00bbmedium\u00bb][\/vc_column][\/vc_row][vc_row][vc_column][vc_column_text]<\/p>\n<h4 style=\"text-align: justify;\">En Accounting Revenue Service, Inc nuestro enfoque es proporcionar un servicio de alta calidad y satisfacci\u00f3n del cliente. Nuestro personal har\u00e1 todo lo posible para satisfacer sus expectativas. A trav\u00e9s de un trabajo duro, nos hemos ganado el respeto de los negocios y finanzas de nuestra comunidad. Esto ilustra nuestro diverso talento y dedicaci\u00f3n. Con la alta calidad y flexibilidad en nuestra oficina, estamos seguros de que estar\u00e1 encantado de trabajar con nosotros.<\/h4>\n<p>[\/vc_column_text][\/vc_column][\/vc_row]<\/p>\n<\/div>","protected":false},"excerpt":{"rendered":"<p>[vc_row][vc_column width=\u00bb1\/2&#8243;][vc_column_text] Accounting Revenue Service, Inc es un negocio de contabilidad de servicio completo. Ofrecemos una amplia gama de servicios a los clientes individuales y de negocios. Desde que nuestra firma de contabilidad fue fundada, hemos desarrollado una s\u00f3lida reputaci\u00f3n para manejar los asuntos contables de nuestros clientes de una manera eficiente y profesional. Contamos&hellip;<\/p>\n","protected":false},"author":1,"featured_media":0,"parent":0,"menu_order":500,"comment_status":"closed","ping_status":"closed","template":"","meta":{"footnotes":""},"class_list":["post-272","page","type-page","status-publish","hentry","description-off"],"_links":{"self":[{"href":"https:\/\/arstaxes.com\/es\/wp-json\/wp\/v2\/pages\/272","targetHints":{"allow":["GET"]}}],"collection":[{"href":"https:\/\/arstaxes.com\/es\/wp-json\/wp\/v2\/pages"}],"about":[{"href":"https:\/\/arstaxes.com\/es\/wp-json\/wp\/v2\/types\/page"}],"author":[{"embeddable":true,"href":"https:\/\/arstaxes.com\/es\/wp-json\/wp\/v2\/users\/1"}],"replies":[{"embeddable":true,"href":"https:\/\/arstaxes.com\/es\/wp-json\/wp\/v2\/comments?post=272"}],"version-history":[{"count":5,"href":"https:\/\/arstaxes.com\/es\/wp-json\/wp\/v2\/pages\/272\/revisions"}],"predecessor-version":[{"id":328,"href":"https:\/\/arstaxes.com\/es\/wp-json\/wp\/v2\/pages\/272\/revisions\/328"}],"wp:attachment":[{"href":"https:\/\/arstaxes.com\/es\/wp-json\/wp\/v2\/media?parent=272"}],"curies":[{"name":"wp","href":"https:\/\/api.w.org\/{rel}","templated":true}]}}