{"id":275,"date":"2017-09-29T10:49:17","date_gmt":"2017-09-29T15:49:17","guid":{"rendered":"http:\/\/arstaxes.com\/consejos-para-duenos-de-negocios-e-independientes\/"},"modified":"2017-10-06T12:30:27","modified_gmt":"2017-10-06T17:30:27","slug":"consejos-para-duenos-de-negocios-e-independientes","status":"publish","type":"page","link":"https:\/\/arstaxes.com\/es\/consejos-para-duenos-de-negocios-e-independientes\/","title":{"rendered":"ASESORAMIENTO PARA PROPIETARIOS DE NEGOCIOS Y AUTOEMPLEADOS"},"content":{"rendered":"<div class=\"wpb-content-wrapper\"><p>[vc_row][vc_column][vc_accordion style=\u00bb2&#8243;][vc_accordion_tab title=\u00bbPOR QU\u00c9 CREAR UNA CORPORACI\u00d3N?\u00bb][vc_column_text]La incorporaci\u00f3n de un negocio ofrece una serie de ventajas. Primero, como una entidad legal separada, una corporaci\u00f3n limita la responsabilidad personal, legal y financiera. En el caso de un juicio, los bienes personales, la propiedad y la reputaci\u00f3n del propietario est\u00e1n separados de los de la corporaci\u00f3n y por lo tanto est\u00e1n protegidos de las repercusiones legales. Segundo, una corporaci\u00f3n, como entidad legal separada, podr\u00eda sobrevivir f\u00e1cilmente a sus fundadores y due\u00f1os. La propiedad es f\u00e1cil de transferir y por lo tanto los consumidores y los inversores est\u00e1n garantizados que los negocios se mantendr\u00e1n estables incluso en el caso de una tragedia.<\/p>\n<p>Dependiendo de la estructura corporativa bajo la cual elija hacer negocios, puede optar por tener un impuesto pasivo a sus impuestos personales, o puede evitar la doble imposici\u00f3n.<\/p>\n<p>Una corporaci\u00f3n sigue siendo una corporaci\u00f3n incluso si el propietario se va, muere o vende la empresa. Se llama existencia perpetua.<\/p>\n<p>Un negocio con una extensi\u00f3n de INC, CORP o LLC despu\u00e9s de su nombre a menudo suena m\u00e1s cre\u00edble para las personas no relacionadas con el negocio. Lo m\u00e1s probable es que atraiga a m\u00e1s socios, clientes y atenci\u00f3n de la comunidad si elige alguna forma de incorporaci\u00f3n. Ser incorporado tambi\u00e9n puede ayudar a proteger el nombre de su empresa en el estado en el que usted hace negocios.<\/p>\n<p>Si usted est\u00e1 tratando de recaudar capital mediante la venta de acciones en la empresa, tendr\u00e1 que estar incorporado. Tambi\u00e9n tendr\u00e1 que formar una corporaci\u00f3n si alguna vez planea hacer p\u00fablico su negocio. Para mas informacion.\u00a0<u><a href=\"https:\/\/www.google.com\/maps\/place\/1031+E+8th+Ave,+Hialeah,+FL+33010\/@25.8319183,-80.265259,17z\/data=!4m2!3m1!1s0x88d9b0bd5422013f:0x367bb3df06469754\">Visite nuestra Oficina<\/a>\u00a0<\/u>o\u00a0<u><a href=\"https:\/\/arstaxes.com\/es\/contactenos\/\">Pregunte a nuestros Contadores<\/a><\/u>.[\/vc_column_text][\/vc_accordion_tab][vc_accordion_tab title=\u00bbPROPIETARIO \u00daNICO\u00bb][vc_column_text]Un propietario \u00fanico es alguien que posee un negocio no incorporado por s\u00ed mismo. Sin embargo, si usted es el \u00fanico miembro de una compa\u00f1\u00eda de responsabilidad limitada nacional (LLC), usted no es un propietario \u00fanico si usted elige tratar la LLC como una corporaci\u00f3n. Para mas informacion. <u><a href=\"https:\/\/www.google.com\/maps\/place\/1031+E+8th+Ave,+Hialeah,+FL+33010\/@25.8319183,-80.265259,17z\/data=!4m2!3m1!1s0x88d9b0bd5422013f:0x367bb3df06469754\">Visite nuestra Oficina<\/a>\u00a0<\/u>o\u00a0<u><a href=\"https:\/\/arstaxes.com\/es\/contactenos\/\">Pregunte a nuestros Contadores<\/a><\/u>.[\/vc_column_text][\/vc_accordion_tab][vc_accordion_tab title=\u00bbASOCIACI\u00d3N COMERCIAL\u00bb][vc_column_text]Una asociaci\u00f3n es la relaci\u00f3n existente entre dos o m\u00e1s personas que se unen para llevar a cabo un comercio o negocio. Cada persona aporta dinero, propiedad, trabajo o habilidad, y espera participar en las ganancias y p\u00e9rdidas del negocio.<\/p>\n<p>Una asociaci\u00f3n debe presentar una declaraci\u00f3n anual de informaci\u00f3n para reportar los ingresos, deducciones, ganancias, p\u00e9rdidas, etc., de sus operaciones, pero no paga impuesto sobre la renta. En lugar de ello, \u00abpasa\u201d cualquier beneficio o p\u00e9rdida a sus socios. Cada socio incluye su parte del ingreso o p\u00e9rdida de la sociedad en su declaraci\u00f3n de impuestos.<\/p>\n<p>Los socios no son empleados y no deben recibir un Formulario W-2. La sociedad debe proporcionar copias del Anexo K-1 (Formulario 1065) a los socios en la fecha en que se requiere presentar el Formulario 1065, incluidas las extensiones. Para m\u00e1s informaci\u00f3n <u><a href=\"https:\/\/www.google.com\/maps\/place\/1031+E+8th+Ave,+Hialeah,+FL+33010\/@25.8319183,-80.265259,17z\/data=!4m2!3m1!1s0x88d9b0bd5422013f:0x367bb3df06469754\">Visite nuestra Oficina<\/a>\u00a0<\/u>o\u00a0<u><a href=\"https:\/\/arstaxes.com\/es\/contactenos\/\">Pregunte a nuestros Contadores<\/a><\/u>.[\/vc_column_text][\/vc_accordion_tab][vc_accordion_tab title=\u00bbSOCIEDAD DE RESPONSABILIDAD LIMITADA (LLC)\u00bb][vc_column_text]Una compa\u00f1\u00eda de responsabilidad limitada (LLC) es una estructura de negocios permitida por estatuto estatal. Cada estado puede utilizar diferentes reglamentos, y debe consultar con su estado si est\u00e1 interesado en iniciar una compa\u00f1\u00eda de responsabilidad limitada.<\/p>\n<p>Los propietarios de una LLC se llaman miembros. La mayor\u00eda de los estados no restringen la titularidad, por lo que los miembros pueden incluir individuos, corporaciones, LLCs y entidades extranjeras. No hay un n\u00famero m\u00e1ximo de miembros. La mayor\u00eda de los estados tambi\u00e9n permiten LLCs, de \u00abun solo miembro\u201d aquellas que tienen s\u00f3lo un propietario.<\/p>\n<p>Algunos tipos de negocios generalmente no pueden ser LLCs, tales como bancos y compa\u00f1\u00edas de seguros. Verifique los requisitos de su estado y las regulaciones federales de impuestos para obtener m\u00e1s informaci\u00f3n. Hay reglas especiales para LLCs extranjeras.<\/p>\n<p>&nbsp;<\/p>\n<p><strong>Clasificaciones<\/strong><\/p>\n<p>Dependiendo de las elecciones hechas por la LLC y el n\u00famero de miembros, el IRS tratar\u00e1 a una LLC como una corporaci\u00f3n, sociedad o como parte de la declaraci\u00f3n de impuestos del propietario de la LLC (una entidad \u201cque no es considerada como una entidad independiente del due\u00f1o\u00bb). Espec\u00edficamente, una LLC nacional con al menos dos miembros se clasifica como una sociedad para prop\u00f3sito de impuestos federales a menos que presente el Formulario 8832 o el Formulario 2553 y opte por ser elegida como una corporaci\u00f3n \u00abC\u00bb o como una corporaci\u00f3n \u00abS\u00bb. Y una LLC con un solo miembro es tratada como una entidad no separada de su propietario para prop\u00f3sitos de impuesto sobre la renta (pero como una entidad separada para prop\u00f3sitos de impuesto laboral y ciertos impuestos especiales), a menos que presente el Formulario 8832 o el Formulario 2553 y elija ser tratado como una corporaci\u00f3n \u00abC\u00bb o como una corporaci\u00f3n \u00abS\u00bb.<\/p>\n<p>&nbsp;<\/p>\n<p><strong>Fecha Efectiva de la Elecci\u00f3n<\/strong><\/p>\n<p>Una LLC que no quiera aceptar su clasificaci\u00f3n impositiva federal por defecto, o que desee cambiar su clasificaci\u00f3n, usa el Formulario 8832 o la el Formulario 2553, Elecci\u00f3n de Clasificaci\u00f3n de Entidades, para elegir c\u00f3mo se clasificar\u00e1 para prop\u00f3sitos de impuestos federales. Generalmente, una elecci\u00f3n que especifica la clasificaci\u00f3n de una LLC no puede ser presentada m\u00e1s de 75 d\u00edas despu\u00e9s de su creaci\u00f3n, ni puede tener efecto despu\u00e9s de 12 meses de la fecha en que se presenta la elecci\u00f3n. Una LLC puede ser elegible para alivio de su elecci\u00f3n tard\u00eda en ciertas circunstancias. Para m\u00e1s informaci\u00f3n <u><a href=\"https:\/\/www.google.com\/maps\/place\/1031+E+8th+Ave,+Hialeah,+FL+33010\/@25.8319183,-80.265259,17z\/data=!4m2!3m1!1s0x88d9b0bd5422013f:0x367bb3df06469754\">Visite nuestra Oficina<\/a>\u00a0<\/u>o\u00a0<u><a href=\"https:\/\/arstaxes.com\/es\/contactenos\/\">Pregunte a nuestros Contadores<\/a><\/u>.[\/vc_column_text][\/vc_accordion_tab][vc_accordion_tab title=\u00bbCORPORACIONES\u00bb][vc_column_text]Al formar una corporaci\u00f3n, los posibles accionistas intercambian dinero, propiedad o ambos, por el capital social de la corporaci\u00f3n. Una corporaci\u00f3n generalmente toma las mismas deducciones que un individuo para calcular su renta impositiva. Una corporaci\u00f3n tambi\u00e9n puede tomar deducciones especiales. Para prop\u00f3sitos de impuesto sobre la renta federal, una corporaci\u00f3n C se reconoce como una entidad contribuyente separada. Una corporaci\u00f3n realiza negocios, tiene ingresos netos o p\u00e9rdidas, paga impuestos y distribuye beneficios a los accionistas.<\/p>\n<p>Las ganancias de una corporaci\u00f3n se gravan a la corporaci\u00f3n cuando se gana, y luego se grava a los accionistas cuando se distribuyen como dividendos. Esto crea un doble impuesto. La corporaci\u00f3n no obtiene una deducci\u00f3n de impuestos cuando distribuye dividendos a los accionistas. Los accionistas no pueden deducir ninguna p\u00e9rdida de la corporaci\u00f3n. Para m\u00e1s informaci\u00f3n\u00a0<u><a href=\"https:\/\/www.google.com\/maps\/place\/1031+E+8th+Ave,+Hialeah,+FL+33010\/@25.8319183,-80.265259,17z\/data=!4m2!3m1!1s0x88d9b0bd5422013f:0x367bb3df06469754\">Visite nuestra\u00a0 Oficina<\/a>\u00a0<\/u>o\u00a0<u><a href=\"https:\/\/arstaxes.com\/es\/contactenos\/\">Pregunte a nuestros Contadores<\/a><\/u>.[\/vc_column_text][\/vc_accordion_tab][vc_accordion_tab title=\u00bbCORPORACIONES \u201cS\u201d\u00bb][vc_column_text]Las corporaciones S son corporaciones que eligen pasar los ingresos corporativos, las p\u00e9rdidas, las deducciones y los cr\u00e9ditos a trav\u00e9s de sus accionistas para prop\u00f3sitos de impuestos federales. Los accionistas de las corporaciones S informan el flujo de ingresos y p\u00e9rdidas en sus declaraciones de impuestos personales y se les tasan impuestos segun sus tarifas de impuesto sobre la renta individual. Esto permite a las corporaciones S evitar la doble imposici\u00f3n sobre los ingresos corporativos.<\/p>\n<p>Para calificar para el estatus de corporaci\u00f3n S, la corporaci\u00f3n debe cumplir con los siguientes requisitos:<\/p>\n<ul>\n<li>Ser una corporaci\u00f3n dom\u00e9stica<\/li>\n<li>Tener s\u00f3lo accionistas permisibles<\/li>\n<li>Pueden ser individuos, ciertos fideicomisos<\/li>\n<li>No pueden ser sociedades, corporaciones o accionistas extranjeros no residentes<\/li>\n<li>No pueden tener m\u00e1s de 100 accionistas<\/li>\n<li>Deben tener s\u00f3lo una clase de stock<\/li>\n<\/ul>\n<p>Para m\u00e1s informaci\u00f3n <u><a href=\"https:\/\/www.google.com\/maps\/place\/1031+E+8th+Ave,+Hialeah,+FL+33010\/@25.8319183,-80.265259,17z\/data=!4m2!3m1!1s0x88d9b0bd5422013f:0x367bb3df06469754\">Visite nuestra Oficina<\/a>\u00a0<\/u>o\u00a0<u><a href=\"https:\/\/arstaxes.com\/es\/contactenos\/\">Pregunte a nuestros Contadores<\/a><\/u>.[\/vc_column_text][\/vc_accordion_tab][vc_accordion_tab title=\u00bbCONTRATISTA INDEPENDIENTE (AUTO-EMPLEADO) O EMPLEADO\u00bb][vc_column_text]Es fundamental que los due\u00f1os de negocios determinen correctamente si los individuos que prestan servicios son empleados o contratistas independientes.<\/p>\n<p>Generalmente, debe retener los impuestos sobre la renta, retener y pagar los impuestos de Seguro Social y Medicare y pagar el impuesto de desempleo sobre los salarios pagados a un empleado. Por lo general, no tiene que retener o pagar impuestos sobre los pagos a contratistas independientes.<\/p>\n<p>Si usted es propietario de un negocio \u00a0que contrata o hace contratos con otras personas para proporcionar servicios, debe determinar si los individuos que prestan servicios son empleados o contratistas independientes. Para m\u00e1s informaci\u00f3n\u00a0<u><a href=\"https:\/\/www.google.com\/maps\/place\/1031+E+8th+Ave,+Hialeah,+FL+33010\/@25.8319183,-80.265259,17z\/data=!4m2!3m1!1s0x88d9b0bd5422013f:0x367bb3df06469754\">Visite nuestra Oficina<\/a>\u00a0<\/u>o\u00a0<u><a href=\"https:\/\/arstaxes.com\/es\/contactenos\/\">Pregunte a nuestros Contadores<\/a><\/u>.[\/vc_column_text][\/vc_accordion_tab][vc_accordion_tab title=\u00bbQUIEN ES TRABAJADOR POR CUENTA PROPIA\u00bb][vc_column_text]Generalmente, usted es trabajador por cuenta propia si cualquiera de los siguientes aplica a usted.<\/p>\n<p>Usted lleva a cabo transacciones o negocio como propietario individual o contratista independiente..<\/p>\n<ul>\n<li>Usted es un miembro de una sociedad que lleva a cabo un comercio o negocio.<\/li>\n<li>Usted est\u00e1 en el negocio por s\u00ed mismo (incluyendo un negocio a tiempo parcial).<\/li>\n<\/ul>\n<p>Para m\u00e1s informaci\u00f3n\u00a0<u><a href=\"https:\/\/www.google.com\/maps\/place\/1031+E+8th+Ave,+Hialeah,+FL+33010\/@25.8319183,-80.265259,17z\/data=!4m2!3m1!1s0x88d9b0bd5422013f:0x367bb3df06469754\">Visite nuestra Oficina<\/a>\u00a0<\/u>o\u00a0<u><a href=\"https:\/\/arstaxes.com\/es\/contactenos\/\">Pregunte a nuestros Contadores<\/a><\/u>.[\/vc_column_text][\/vc_accordion_tab][vc_accordion_tab title=\u00bbCONTRATISTA INDEPENDIENTE\u00bb][vc_column_text]Las personas tales como doctores, dentistas, veterinarios, abogados, contadores, contratistas, subcontratistas, taqu\u00edgrafos p\u00fablicos, o subastadores que est\u00e1n en un comercio independiente, negocios o profesi\u00f3n en la que ofrecen sus servicios al p\u00fablico en general son generalmente contratistas independientes. Sin embargo, si estas personas son contratistas independientes o empleados depende de los hechos en cada caso. La regla general es que un individuo es un contratista independiente si el pagador tiene el derecho de controlar o dirigir s\u00f3lo el resultado del trabajo y no lo que se har\u00e1 y c\u00f3mo se har\u00e1. Los ingresos de una persona que trabaja como contratista independiente est\u00e1n sujetos al impuesto de trabajo por cuenta propia. Si usted es un contratista independiente, usted es un trabajador por cuenta propia.<\/p>\n<p>Usted no es un contratista independiente si realiza servicios que pueden ser controlados por un empleador (qu\u00e9 se har\u00e1 y c\u00f3mo se har\u00e1). Esto se aplica incluso si se le da libertad de acci\u00f3n. Lo que importa es que el empleador tiene el derecho legal de controlar los detalles de c\u00f3mo se realizan los servicios.<\/p>\n<p>Si existe una relaci\u00f3n entre el empleador y el empleado (independientemente de cu\u00e1l sea la relaci\u00f3n), usted no es un contratista independiente y sus ganancias generalmente no est\u00e1n sujetas al impuesto de trabajo por cuenta propia. Para m\u00e1s informaci\u00f3n\u00a0<u><a href=\"https:\/\/www.google.com\/maps\/place\/1031+E+8th+Ave,+Hialeah,+FL+33010\/@25.8319183,-80.265259,17z\/data=!4m2!3m1!1s0x88d9b0bd5422013f:0x367bb3df06469754\">Visite nuestra Oficina<\/a>\u00a0<\/u>o\u00a0<u><a href=\"https:\/\/arstaxes.com\/es\/contactenos\/\">Pregunte a nuestros Contadores<\/a><\/u>.[\/vc_column_text][\/vc_accordion_tab][vc_accordion_tab title=\u00bbQU\u00c9 SON LAS OBLIGACIONES TRIBUTARIAS DE TRABAJADORES POR CUENTA PROPIA?\u00bb][vc_column_text]Como trabajador por cuenta propia, generalmente se le requiere presentar una declaraci\u00f3n anual y pagar el impuesto estimado trimestralmente.<\/p>\n<p>Los trabajadores por cuenta propia en general deben pagar el \u201cimpuesto sobre el empleo por cuenta propia\u201d (impuesto SE), as\u00ed como el impuesto sobre la renta. El impuesto SE es un impuesto de Seguro Social y Medicare principalmente para las personas que trabajan por s\u00ed mismos. Es similar a los impuestos de Seguro Social y Medicare retenidos de la paga de la mayor\u00eda de los asalariados. En general, siempre que se utilice la expresi\u00f3n \u00abimpuesto sobre el empleo por cuenta propia\u00bb; S\u00f3lo se refiere a los impuestos de Seguro Social y Medicare y no cualquier otro impuesto (como el impuesto sobre la renta).<\/p>\n<p>Usted tiene que presentar una declaraci\u00f3n de impuestos si sus ganancias netas de trabajo por cuenta propia fueron $ 400 o m\u00e1s. Si sus ganancias netas del trabajo por cuenta propia fueron menos de $ 400, usted todav\u00eda tiene que presentar una declaraci\u00f3n de impuestos si cumple con cualquier otro requisito de presentaci\u00f3n. Para m\u00e1s informaci\u00f3n <u><a href=\"https:\/\/www.google.com\/maps\/place\/1031+E+8th+Ave,+Hialeah,+FL+33010\/@25.8319183,-80.265259,17z\/data=!4m2!3m1!1s0x88d9b0bd5422013f:0x367bb3df06469754\">Visite nuestra Oficina<\/a>\u00a0<\/u>o\u00a0<u><a href=\"https:\/\/arstaxes.com\/es\/contactenos\/\">Pregunte a nuestros Contadores<\/a><\/u>.[\/vc_column_text][\/vc_accordion_tab][vc_accordion_tab title=\u00bb IMPUESTO DE TRABAJO POR CUENTA PROPIA\u00bb][vc_column_text]El impuesto de trabajo por cuenta propia es un impuesto que consiste en impuestos de Seguro Social y Medicare principalmente para individuos que trabajan por s\u00ed mismos. Es similar a los impuestos de Seguro Social y Medicare retenidos del pago de la mayor\u00eda de los asalariados. Tambi\u00e9n puede deducir la parte equivalente al empleador de su impuesto de trabajo por cuenta propia al calcular su ingreso bruto ajustado. Los asalariados no pueden deducir los impuestos de Seguro Social y Medicare. Para m\u00e1s informaci\u00f3n\u00a0<u><a href=\"https:\/\/www.google.com\/maps\/place\/1031+E+8th+Ave,+Hialeah,+FL+33010\/@25.8319183,-80.265259,17z\/data=!4m2!3m1!1s0x88d9b0bd5422013f:0x367bb3df06469754\">Visite nuestra Oficina<\/a>\u00a0<\/u>o\u00a0<u><a href=\"https:\/\/arstaxes.com\/es\/contactenos\/\">Pregunte a nuestros Contadores<\/a><\/u>.[\/vc_column_text][\/vc_accordion_tab][\/vc_accordion][\/vc_column][\/vc_row]<\/p>\n<\/div>","protected":false},"excerpt":{"rendered":"<p>[vc_row][vc_column][vc_accordion style=\u00bb2&#8243;][vc_accordion_tab title=\u00bbPOR QU\u00c9 CREAR UNA CORPORACI\u00d3N?\u00bb][vc_column_text]La incorporaci\u00f3n de un negocio ofrece una serie de ventajas. Primero, como una entidad legal separada, una corporaci\u00f3n limita la responsabilidad personal, legal y financiera. En el caso de un juicio, los bienes personales, la propiedad y la reputaci\u00f3n del propietario est\u00e1n separados de los de la corporaci\u00f3n y&hellip;<\/p>\n","protected":false},"author":1,"featured_media":0,"parent":0,"menu_order":20,"comment_status":"closed","ping_status":"closed","template":"","meta":{"footnotes":""},"class_list":["post-275","page","type-page","status-publish","hentry","description-off"],"_links":{"self":[{"href":"https:\/\/arstaxes.com\/es\/wp-json\/wp\/v2\/pages\/275","targetHints":{"allow":["GET"]}}],"collection":[{"href":"https:\/\/arstaxes.com\/es\/wp-json\/wp\/v2\/pages"}],"about":[{"href":"https:\/\/arstaxes.com\/es\/wp-json\/wp\/v2\/types\/page"}],"author":[{"embeddable":true,"href":"https:\/\/arstaxes.com\/es\/wp-json\/wp\/v2\/users\/1"}],"replies":[{"embeddable":true,"href":"https:\/\/arstaxes.com\/es\/wp-json\/wp\/v2\/comments?post=275"}],"version-history":[{"count":6,"href":"https:\/\/arstaxes.com\/es\/wp-json\/wp\/v2\/pages\/275\/revisions"}],"predecessor-version":[{"id":371,"href":"https:\/\/arstaxes.com\/es\/wp-json\/wp\/v2\/pages\/275\/revisions\/371"}],"wp:attachment":[{"href":"https:\/\/arstaxes.com\/es\/wp-json\/wp\/v2\/media?parent=275"}],"curies":[{"name":"wp","href":"https:\/\/api.w.org\/{rel}","templated":true}]}}