{"id":294,"date":"2017-09-30T09:10:37","date_gmt":"2017-09-30T14:10:37","guid":{"rendered":"http:\/\/arstaxes.com\/conozca-cuales-creditos-estan-disponibles-para-usted\/"},"modified":"2017-09-30T09:58:34","modified_gmt":"2017-09-30T14:58:34","slug":"conozca-cuales-creditos-estan-disponibles-para-usted","status":"publish","type":"page","link":"https:\/\/arstaxes.com\/es\/conozca-cuales-creditos-estan-disponibles-para-usted\/","title":{"rendered":"CONOZCA CUALES CREDITOS ESTAN DISPONIBLES PARA USTED"},"content":{"rendered":"<div class=\"wpb-content-wrapper\"><p>[vc_row margin_top=\u00bb0&#8243; margin_bottom=\u00bb0&#8243;][vc_column animation=\u00bb\u00bb][vc_accordion style=\u00bb2&#8243;][vc_accordion_tab title=\u00bbCR\u00c9DITO TEMPORAL POR ESTUDIOS EN USA\u00bb][vc_column_text]Los cr\u00e9ditos fiscales se deducen del impuesto adeudado. El cr\u00e9dito temporal por estudios en USA \u201cAmerican Opportunity Tax Credit\u201d est\u00e1 disponible por los 4 a\u00f1os de educacion superior. Usted recibe un cr\u00e9dito de impuestos en el 100 por ciento de los primeros $2,000 pagados en gastos universitarios calificados y el 25 por ciento de los $2,000 siguientes para un m\u00e1ximo de $2,500 por estudiante. Eso es $ 2,500 deducido de la cantidad de impuesto adeudado (siempre que ud cumpla con ciertos requisitos de ingresos con respecto a los cursos que mejoran habilidades del trabajo). Para m\u00e1s informaci\u00f3n\u00a0<u><a href=\"https:\/\/www.google.com\/maps\/place\/1031+E+8th+Ave,+Hialeah,+FL+33010\/@25.8319183,-80.265259,17z\/data=!4m2!3m1!1s0x88d9b0bd5422013f:0x367bb3df06469754\">Visite nuestra Oficina<\/a>\u00a0<\/u>o\u00a0<u><a href=\"https:\/\/arstaxes.com\/es\/contactenos\/\">Pregunte a nuestros Contadores<\/a><\/u>.[\/vc_column_text][\/vc_accordion_tab][vc_accordion_tab title=\u00bbCR\u00c9DITO DE ESTUDIOS\u00bb][vc_column_text]El cr\u00e9dito de estudios de permanente es ideal para los adultos que buscan impulsar su educaci\u00f3n y formaci\u00f3n. Este cr\u00e9dito tiene un valor m\u00e1ximo de $ 2,000 por a\u00f1o (hasta un 20 por ciento de los primeros $10,000 gastados en educaci\u00f3n post-secundaria) y ayuda a pagar los gastos de educaci\u00f3n superior que mejoran sus habilidades laborales. Para m\u00e1s informaci\u00f3n\u00a0<u><a href=\"https:\/\/www.google.com\/maps\/place\/1031+E+8th+Ave,+Hialeah,+FL+33010\/@25.8319183,-80.265259,17z\/data=!4m2!3m1!1s0x88d9b0bd5422013f:0x367bb3df06469754\">Visite nuestra Oficina<\/a>\u00a0<\/u>o\u00a0<u><a href=\"https:\/\/arstaxes.com\/es\/contactenos\/\">Pregunte a nuestros Contadores<\/a><\/u>.[\/vc_column_text][\/vc_accordion_tab][vc_accordion_tab title=\u00bbCR\u00c9DITO POR EL DINERO GANADO EN SU TRABAJO\u00bb][vc_column_text]Para calificar para el Cr\u00e9dito del Impuesto sobre el Trabajo (EITC) usted debe haber ganado los ingresos trabajando para alguien, trabajar por cuenta propia o ser due\u00f1o de un negocio o granja y cumplir con las reglas b\u00e1sicas. Adem\u00e1s, debe cumplir con reglas adicionales para los trabajadores sin un hijo calificado o tener un hijo que cumpla con todas las reglas del \u201cni\u00f1o que califica\u201d para usted. Para m\u00e1s informaci\u00f3n\u00a0<u><a href=\"https:\/\/www.google.com\/maps\/place\/1031+E+8th+Ave,+Hialeah,+FL+33010\/@25.8319183,-80.265259,17z\/data=!4m2!3m1!1s0x88d9b0bd5422013f:0x367bb3df06469754\">Visite nuestra Oficina<\/a>\u00a0<\/u>o\u00a0<u><a href=\"https:\/\/arstaxes.com\/es\/contactenos\/\">Pregunte a nuestros Contadores<\/a><\/u>.[\/vc_column_text][\/vc_accordion_tab][vc_accordion_tab title=\u00bbCR\u00c9DITO DE IMPUESTOS POR INGRESOS EN EL EXTRANJERO\u00bb][vc_column_text]Los cr\u00e9ditos tributarios extranjeros permiten a los contribuyentes estadounidenses evitar o reducir la doble imposici\u00f3n. Usted puede optar por tomar una deducci\u00f3n por los impuestos pagados en el extranjero en lugar de elegir un cr\u00e9dito. En la mayor\u00eda de los casos, es m\u00e1s ventajoso tomar la deducci\u00f3n por los impuestos pagados que tomar un cr\u00e9dito. Usted puede reclamar un cr\u00e9dito \u00fanicamente por los impuestos en el extranjero que le imponga un pa\u00eds extranjero o una posesi\u00f3n estadounidense. Para m\u00e1s informaci\u00f3n\u00a0<u><a href=\"https:\/\/www.google.com\/maps\/place\/1031+E+8th+Ave,+Hialeah,+FL+33010\/@25.8319183,-80.265259,17z\/data=!4m2!3m1!1s0x88d9b0bd5422013f:0x367bb3df06469754\">Visite nuestra Oficina<\/a>\u00a0<\/u>o\u00a0<u><a href=\"https:\/\/arstaxes.com\/es\/contactenos\/\">Pregunte a nuestros Contadores<\/a><\/u>.[\/vc_column_text][\/vc_accordion_tab][vc_accordion_tab title=\u00bbCR\u00c9DITO POR LOS NI\u00d1OS Y CUIDADO DE PERSONAS DEPENDIENTES\u00bb][vc_column_text]Si usted pag\u00f3 a alguien para cuidar a su hijo, c\u00f3nyuge o dependiente durante el a\u00f1o que va declarar sus impuestos, usted puede ser elegible para reclamar el cr\u00e9dito de cuidado de ni\u00f1os y dependientes en su declaraci\u00f3n de impuestos federales, pero algunas restricciones se aplican. Para m\u00e1s informaci\u00f3n\u00a0<u><a href=\"https:\/\/www.google.com\/maps\/place\/1031+E+8th+Ave,+Hialeah,+FL+33010\/@25.8319183,-80.265259,17z\/data=!4m2!3m1!1s0x88d9b0bd5422013f:0x367bb3df06469754\">Visite nuestra Oficina<\/a>\u00a0<\/u>o\u00a0<u><a href=\"https:\/\/arstaxes.com\/es\/contactenos\/\">Pregunte a nuestros Contadores<\/a><\/u>.[\/vc_column_text][\/vc_accordion_tab][vc_accordion_tab title=\u00bbCR\u00c9DITO TRIBUTARIO POR HIJOS\u00bb][vc_column_text]Este cr\u00e9dito es para personas que tienen un hijo calificado. Adem\u00e1s del cr\u00e9dito por gastos de cuidado de ni\u00f1os y dependientes y el cr\u00e9dito por ingreso del trabajo. El monto m\u00e1ximo que puede reclamar por el cr\u00e9dito es de $ 1,000 por cada hijo calificado. Para m\u00e1s informaci\u00f3n\u00a0<u><a href=\"https:\/\/www.google.com\/maps\/place\/1031+E+8th+Ave,+Hialeah,+FL+33010\/@25.8319183,-80.265259,17z\/data=!4m2!3m1!1s0x88d9b0bd5422013f:0x367bb3df06469754\">Visite nuestra Oficina<\/a>\u00a0<\/u>o\u00a0<u><a href=\"https:\/\/arstaxes.com\/es\/contactenos\/\">Pregunte a nuestros Contadores<\/a><\/u>.[\/vc_column_text][\/vc_accordion_tab][\/vc_accordion][\/vc_column][\/vc_row]<\/p>\n<\/div>","protected":false},"excerpt":{"rendered":"<p>[vc_row margin_top=\u00bb0&#8243; margin_bottom=\u00bb0&#8243;][vc_column animation=\u00bb\u00bb][vc_accordion style=\u00bb2&#8243;][vc_accordion_tab title=\u00bbCR\u00c9DITO TEMPORAL POR ESTUDIOS EN USA\u00bb][vc_column_text]Los cr\u00e9ditos fiscales se deducen del impuesto adeudado. El cr\u00e9dito temporal por estudios en USA \u201cAmerican Opportunity Tax Credit\u201d est\u00e1 disponible por los 4 a\u00f1os de educacion superior. Usted recibe un cr\u00e9dito de impuestos en el 100 por ciento de los primeros $2,000 pagados en&hellip;<\/p>\n","protected":false},"author":1,"featured_media":0,"parent":0,"menu_order":40,"comment_status":"closed","ping_status":"closed","template":"","meta":{"footnotes":""},"class_list":["post-294","page","type-page","status-publish","hentry","description-off"],"_links":{"self":[{"href":"https:\/\/arstaxes.com\/es\/wp-json\/wp\/v2\/pages\/294","targetHints":{"allow":["GET"]}}],"collection":[{"href":"https:\/\/arstaxes.com\/es\/wp-json\/wp\/v2\/pages"}],"about":[{"href":"https:\/\/arstaxes.com\/es\/wp-json\/wp\/v2\/types\/page"}],"author":[{"embeddable":true,"href":"https:\/\/arstaxes.com\/es\/wp-json\/wp\/v2\/users\/1"}],"replies":[{"embeddable":true,"href":"https:\/\/arstaxes.com\/es\/wp-json\/wp\/v2\/comments?post=294"}],"version-history":[{"count":2,"href":"https:\/\/arstaxes.com\/es\/wp-json\/wp\/v2\/pages\/294\/revisions"}],"predecessor-version":[{"id":296,"href":"https:\/\/arstaxes.com\/es\/wp-json\/wp\/v2\/pages\/294\/revisions\/296"}],"wp:attachment":[{"href":"https:\/\/arstaxes.com\/es\/wp-json\/wp\/v2\/media?parent=294"}],"curies":[{"name":"wp","href":"https:\/\/api.w.org\/{rel}","templated":true}]}}