{"id":299,"date":"2017-09-30T09:59:42","date_gmt":"2017-09-30T14:59:42","guid":{"rendered":"http:\/\/arstaxes.com\/impuestos-sobre-las-propiedades\/"},"modified":"2017-10-06T12:13:27","modified_gmt":"2017-10-06T17:13:27","slug":"impuestos-sobre-las-propiedades","status":"publish","type":"page","link":"https:\/\/arstaxes.com\/es\/impuestos-sobre-las-propiedades\/","title":{"rendered":"IMPUESTOS EN BIENES RAICES"},"content":{"rendered":"<div class=\"wpb-content-wrapper\"><p>[vc_row][vc_column][vc_accordion style=\u00bb2&#8243;][vc_accordion_tab title=\u00bbIMPUESTO DE VENTAS ESTATALES\u00bb][vc_column_text]El alivio fiscal por impuestos estatales ofrece a los partidarios la oportunidad de deducir los impuestos por los ingresos del estado o los impuestos de ventas estatales pagados. Este beneficio es importante si usted vive en un estado sin impuestos sobre los ingresos del estado. Para m\u00e1s informaci\u00f3n <u><a href=\"https:\/\/www.google.com\/maps\/place\/1031+E+8th+Ave,+Hialeah,+FL+33010\/@25.8319183,-80.265259,17z\/data=!4m2!3m1!1s0x88d9b0bd5422013f:0x367bb3df06469754\">Visite nuestra Oficina<\/a>\u00a0<\/u>o\u00a0<u><a href=\"https:\/\/arstaxes.com\/es\/contactenos\/\">Pregunte a nuestros Contadores<\/a><\/u>.[\/vc_column_text][\/vc_accordion_tab][vc_accordion_tab title=\u00bbALQUILER AVANZADO\u00bb][vc_column_text]El alquiler por adelantado es cualquier cantidad que reciba antes del per\u00edodo que cubra dicho alquiler. Incluya el alquiler por adelantado de sus ingresos como parte del alquiler recibido en el a\u00f1o en que lo reciba, independientemente del per\u00edodo cubierto o del m\u00e9todo de contabilidad que use. Para m\u00e1s informaci\u00f3n <u><a href=\"https:\/\/www.google.com\/maps\/place\/1031+E+8th+Ave,+Hialeah,+FL+33010\/@25.8319183,-80.265259,17z\/data=!4m2!3m1!1s0x88d9b0bd5422013f:0x367bb3df06469754\">Visite nuestra Oficina<\/a>\u00a0<\/u>o\u00a0<u><a href=\"https:\/\/arstaxes.com\/es\/contactenos\/\">Pregunte a nuestros Contadores<\/a><\/u>.[\/vc_column_text][\/vc_accordion_tab][vc_accordion_tab title=\u00bbDEP\u00d3SITO DE SEGURIDAD\u00bb][vc_column_text]No incluya un dep\u00f3sito de seguridad en su ingreso cuando lo reciba si planea devolverlo a su inquilino al final del contrato de arrendamiento. Pero si usted retiene parte o todo el dep\u00f3sito de seguridad durante cualquier a\u00f1o porque su inquilino no cumplio con los t\u00e9rminos del contrato de arrendamiento, incluya la cantidad que retuvo en su ingreso en ese a\u00f1o.<\/p>\n<p>Si una cantidad clasificada como un dep\u00f3sito de seguridad se va a utilizar como pago final de la renta, esta forma parte de la renta por adelantado. usted debe incluirla en su ingreso cuando la reciba. Para m\u00e1s informaci\u00f3n <u><a href=\"https:\/\/www.google.com\/maps\/place\/1031+E+8th+Ave,+Hialeah,+FL+33010\/@25.8319183,-80.265259,17z\/data=!4m2!3m1!1s0x88d9b0bd5422013f:0x367bb3df06469754\">Visite nuestra Oficina<\/a>\u00a0<\/u>o\u00a0<u><a href=\"https:\/\/arstaxes.com\/es\/contactenos\/\">Pregunte a nuestros Contadores<\/a><\/u>.[\/vc_column_text][\/vc_accordion_tab][vc_accordion_tab title=\u00bbVENTA DE RESIDENCIA\u00bb][vc_column_text]Usted puede calificar para excluir de su ingreso todo o parte de cualquier ganancia de la venta de su vivienda principal. Su hogar principal es el que usted vive la mayor parte del tiempo.<\/p>\n<p>Para reclamar la exclusi\u00f3n, debe cumplir con las pruebas de propiedad y uso. Esto significa que durante el per\u00edodo de 5 a\u00f1os que termina en la fecha de la venta, usted debe tener:<\/p>\n<ul>\n<li>El titulo de propiedad de la casa durante al menos dos a\u00f1os (la prueba de propiedad).<\/li>\n<li>Haber vivido en la casa como su casa principal durante al menos dos a\u00f1os (la prueba de uso).<\/li>\n<\/ul>\n<p>Si tiene una ganancia por la venta de su vivienda principal, puede excluir hasta $250,000 de la ganancia de sus ingresos ($500,000 en una declaraci\u00f3n conjunta en la mayor\u00eda de los casos).<\/p>\n<ul>\n<li>Si puede excluir toda la ganancia, no necesita informar de la venta en su declaraci\u00f3n de impuestos.<\/li>\n<li>Si usted tiene una ganancia que no puede ser excluida, debe pagar impuestos por ella.<\/li>\n<li>Usted no puede deducir una p\u00e9rdida de la venta de su hogar principal.<\/li>\n<li>Si tiene m\u00e1s de un hogar, puede excluir la ganancia s\u00f3lo de la venta de su vivienda principal. Usted debe pagar impuestos sobre la ganancia por la venta de cualquier otro hogar.<\/li>\n<li>Si usted tiene dos hogares y vive en ambos, su hogar principal es normalmente en el que usted vive la mayor parte del tiempo.<\/li>\n<\/ul>\n<p>Para m\u00e1s informaci\u00f3n <u><a href=\"https:\/\/www.google.com\/maps\/place\/1031+E+8th+Ave,+Hialeah,+FL+33010\/@25.8319183,-80.265259,17z\/data=!4m2!3m1!1s0x88d9b0bd5422013f:0x367bb3df06469754\">Visite nuestra Oficina<\/a>\u00a0<\/u>o\u00a0<u><a href=\"https:\/\/arstaxes.com\/es\/contactenos\/\">Pregunte a nuestros Contadores<\/a><\/u>.[\/vc_column_text][\/vc_accordion_tab][vc_accordion_tab title=\u00bbRECUPERACI\u00d3N DE LA DEPRECIACI\u00d3N\u00bb][vc_column_text]Si usted vende una propiedad amortizable o depreciable con una ganancia, puede tener que tratar todo o parte de la ganancia (aunque no exenta de impuestos) como ingreso ordinario.<\/p>\n<p>Esto incluye la fecha y forma de adquisici\u00f3n, costo u otra base, depreciaci\u00f3n o amortizaci\u00f3n, y todos los otros ajustes que afecten costo actual.<\/p>\n<p>En la propiedad que usted adquiri\u00f3 en un intercambio no tributable o como regalo, sus registros tambi\u00e9n deben indicar la siguiente informaci\u00f3n:<\/p>\n<ul>\n<li>Si la valor ajustado fue calculado usando la depreciaci\u00f3n o amortizaci\u00f3n que usted reclam\u00f3 en otra propiedad.<\/li>\n<li>Si la valor ajustado fue calculado usando la depreciaci\u00f3n o amortizaci\u00f3n de otra persona reclamada.<\/li>\n<\/ul>\n<p>Para m\u00e1s informaci\u00f3n <u><a href=\"https:\/\/www.google.com\/maps\/place\/1031+E+8th+Ave,+Hialeah,+FL+33010\/@25.8319183,-80.265259,17z\/data=!4m2!3m1!1s0x88d9b0bd5422013f:0x367bb3df06469754\">Visite nuestra Oficina<\/a>\u00a0<\/u>o\u00a0<u><a href=\"https:\/\/arstaxes.com\/es\/contactenos\/\">Pregunte anuestros Contadores<\/a><\/u>.[\/vc_column_text][\/vc_accordion_tab][vc_accordion_tab title=\u00bbGASTOS PAGADOS POR EL INQUILINO\u00bb][vc_column_text]Si su inquilino paga alguno de los gastos de la propiedad, los pagos son considerados como ingresos de alquiler. Por lo tanto usted debe incluirlos en sus ingresos. Puede deducir los gastos si son gastos deducibles de alquiler. Para m\u00e1s informaci\u00f3n <u><a href=\"https:\/\/www.google.com\/maps\/place\/1031+E+8th+Ave,+Hialeah,+FL+33010\/@25.8319183,-80.265259,17z\/data=!4m2!3m1!1s0x88d9b0bd5422013f:0x367bb3df06469754\">Visite nuestra Oficina<\/a>\u00a0<\/u>o\u00a0<u><a href=\"https:\/\/arstaxes.com\/es\/contactenos\/\">Pregunte a nuestros Contadores<\/a><\/u>.[\/vc_column_text][\/vc_accordion_tab][vc_accordion_tab title=\u00bbTIPOS DE INGRESOS Y P\u00c9RDIDAS\u00bb][vc_column_text]<strong>Los ingresos y p\u00e9rdidas en una declaraci\u00f3n de impuestos se dividen en dos categor\u00edas<\/strong>:<\/p>\n<ul>\n<li><strong><u>Pasivo:<\/u><\/strong> Alquileres y negocios sin participaci\u00f3n material. Un socio limitado es generalmente pasivo sujeto a pruebas m\u00e1s restrictivas para determinar la participaci\u00f3n material. Como resultado, los socios limitados generalmente tendr\u00e1n ingresos pasivos o p\u00e9rdidas pasivas de la sociedad.<\/li>\n<\/ul>\n<ul>\n<li><strong><u>No Pasivo:<\/u><\/strong> Negocios en los que el contribuyente participa materialmente. Asimismo, los salarios, los pagos garantizados, los ingresos por concepto de comisiones y los ingresos por cartera de clientes o inversi\u00f3n se consideran no pasivos.<\/li>\n<\/ul>\n<p>Para m\u00e1s informaci\u00f3n <u><a href=\"https:\/\/www.google.com\/maps\/place\/1031+E+8th+Ave,+Hialeah,+FL+33010\/@25.8319183,-80.265259,17z\/data=!4m2!3m1!1s0x88d9b0bd5422013f:0x367bb3df06469754\">Visite nuestra Oficina<\/a>\u00a0<\/u>o\u00a0<u><a href=\"https:\/\/arstaxes.com\/es\/contactenos\/\">Pregunte a nuestros Contadores<\/a><\/u>.[\/vc_column_text][\/vc_accordion_tab][vc_accordion_tab title=\u00bbINGRESOS Y GASTOS DE ALQUILER\u00bb][vc_column_text]Por lo general, debe incluir en su ingreso bruto todas las cantidades que recibe como alquiler. Los ingresos de alquiler son cualquier pago que reciba por el uso o ocupaci\u00f3n de una propiedad.<\/p>\n<p>Los gastos de alquiler de la propiedad se pueden deducir de sus ingresos brutos de alquiler. Usted generalmente deduce sus gastos de alquiler en el a\u00f1o en que los paga. Nuestros Contadores pueden darle informaci\u00f3n sobre los gastos que puede deducir si alquila un condominio o un apartamento, si alquila parte de su propiedad o si cambia su propiedad por un alquiler. Para m\u00e1s informaci\u00f3n <u><a href=\"https:\/\/www.google.com\/maps\/place\/1031+E+8th+Ave,+Hialeah,+FL+33010\/@25.8319183,-80.265259,17z\/data=!4m2!3m1!1s0x88d9b0bd5422013f:0x367bb3df06469754\">Visite nuestra Oficina<\/a>\u00a0<\/u>o\u00a0<u><a href=\"https:\/\/arstaxes.com\/es\/contactenos\/\">Pregunte a nuestros Contadores<\/a><\/u>.[\/vc_column_text][\/vc_accordion_tab][vc_accordion_tab title=\u00bbCUANDO REPORTAR EL INGRESO AL ALQUILER\u00bb][vc_column_text]Reporte los ingresos de alquiler en su declaraci\u00f3n del a\u00f1o en que los recibi\u00f3 de manera efectiva o constructiva, si es un contribuyente en efectivo. Usted es un contribuyente en efectivo si usted reporta un ingreso en el a\u00f1o en que lo recibe, independientemente de cu\u00e1ndo fue ganado. De manera constructiva, usted recibe ingresos cuando se pone a su disposici\u00f3n, por ejemplo, al ser acreditado en su cuenta bancaria. Para m\u00e1s informaci\u00f3n <u><a href=\"https:\/\/www.google.com\/maps\/place\/1031+E+8th+Ave,+Hialeah,+FL+33010\/@25.8319183,-80.265259,17z\/data=!4m2!3m1!1s0x88d9b0bd5422013f:0x367bb3df06469754\">Visite nuestra Oficina<\/a>\u00a0<\/u>o\u00a0<u><a href=\"https:\/\/arstaxes.com\/es\/contactenos\/\">Pregunte a nuestros Contadores<\/a><\/u>.[\/vc_column_text][\/vc_accordion_tab][vc_accordion_tab title=\u00bbUSO O ALQUILER DE CASA\u00bb][vc_column_text]Es posible que pueda excluir su ganancia de la venta de una casa que ha utilizado para negocios o para producir ingresos de alquiler. Pero debe cumplir con las pruebas de propiedad y uso. Para m\u00e1s informaci\u00f3n <u><a href=\"https:\/\/www.google.com\/maps\/place\/1031+E+8th+Ave,+Hialeah,+FL+33010\/@25.8319183,-80.265259,17z\/data=!4m2!3m1!1s0x88d9b0bd5422013f:0x367bb3df06469754\">Visite nuestra Oficina<\/a>\u00a0<\/u>o\u00a0<u><a href=\"https:\/\/arstaxes.com\/es\/contactenos\/\">Pregunte a nuestros Contadores<\/a><\/u>.[\/vc_column_text][\/vc_accordion_tab][vc_accordion_tab title=\u00bbPROPIEDAD O SERVICIOS EN LUGAR DE ALQUILER\u00bb][vc_column_text]Si recibe bienes o servicios, en lugar de dinero, como alquiler, incluya el valor justo de mercado de la propiedad o servicios en su renta de alquiler.<\/p>\n<p>Si los servicios se prestan a un precio acordado o especificado, ese precio es el valor justo de mercado a menos que haya evidencia en contrario. Para m\u00e1s informaci\u00f3n <u><a href=\"https:\/\/www.google.com\/maps\/place\/1031+E+8th+Ave,+Hialeah,+FL+33010\/@25.8319183,-80.265259,17z\/data=!4m2!3m1!1s0x88d9b0bd5422013f:0x367bb3df06469754\">Visite nuestra Oficina<\/a>\u00a0<\/u>o\u00a0<u><a href=\"https:\/\/arstaxes.com\/es\/contactenos\/\">Pregunte a nuestros Contadores<\/a><\/u>.[\/vc_column_text][\/vc_accordion_tab][vc_accordion_tab title=\u00bbINTER\u00c9S EN UNA L\u00cdNEA DE CR\u00c9DITO, RESPALDADO POR SU CASA\u00bb][vc_column_text]Usted puede deducir el inter\u00e9s sobre la deuda de una linea de credito que este respaldada por su casa, como una deducci\u00f3n detallada si todas las siguientes condiciones se aplican:<\/p>\n<ul>\n<li>Usted paga el inter\u00e9s en el a\u00f1o fiscal.<\/li>\n<li>La deuda est\u00e1 asegurada con su casa.<\/li>\n<li>La deuda hipotecaria se limita al valor justo de mercado del hogar reducido por la deuda de adquisici\u00f3n de vivienda, hasta un total de $100,000 ($50,000 si se presenta su declaracion como casado por separado).<\/li>\n<\/ul>\n<p>Para m\u00e1s informaci\u00f3n <u><a href=\"https:\/\/www.google.com\/maps\/place\/1031+E+8th+Ave,+Hialeah,+FL+33010\/@25.8319183,-80.265259,17z\/data=!4m2!3m1!1s0x88d9b0bd5422013f:0x367bb3df06469754\">Visite nuestra Oficina<\/a>\u00a0<\/u>o\u00a0<u><a href=\"https:\/\/arstaxes.com\/es\/contactenos\/\">Pregunte a nuestros Contadores<\/a><\/u>.[\/vc_column_text][\/vc_accordion_tab][vc_accordion_tab title=\u00bbUSO PERSONAL DE LA CASA VACACIONAL O UNIDAD DE VIVIENDA\u00bb][vc_column_text]Si usted tiene alg\u00fan uso personal de una casa de vacaciones u otra unidad de vivienda que usted alquila, debe dividir sus gastos entre el uso de alquiler y el uso personal. Si sus gastos por el uso de alquiler son m\u00e1s que sus ingresos de alquiler, es posible que no pueda deducir todos los gastos de alquiler. Para m\u00e1s informaci\u00f3nn <u><a href=\"https:\/\/www.google.com\/maps\/place\/1031+E+8th+Ave,+Hialeah,+FL+33010\/@25.8319183,-80.265259,17z\/data=!4m2!3m1!1s0x88d9b0bd5422013f:0x367bb3df06469754\">Visite nuestra Oficina<\/a>\u00a0<\/u>o\u00a0<u><a href=\"https:\/\/arstaxes.com\/es\/contactenos\/\">Pregunte a nuestros Contadores<\/a><\/u>.[\/vc_column_text][\/vc_accordion_tab][\/vc_accordion][\/vc_column][\/vc_row]<\/p>\n<\/div>","protected":false},"excerpt":{"rendered":"<p>[vc_row][vc_column][vc_accordion style=\u00bb2&#8243;][vc_accordion_tab title=\u00bbIMPUESTO DE VENTAS ESTATALES\u00bb][vc_column_text]El alivio fiscal por impuestos estatales ofrece a los partidarios la oportunidad de deducir los impuestos por los ingresos del estado o los impuestos de ventas estatales pagados. Este beneficio es importante si usted vive en un estado sin impuestos sobre los ingresos del estado. Para m\u00e1s informaci\u00f3n Visite nuestra&hellip;<\/p>\n","protected":false},"author":1,"featured_media":0,"parent":0,"menu_order":50,"comment_status":"closed","ping_status":"closed","template":"","meta":{"footnotes":""},"class_list":["post-299","page","type-page","status-publish","hentry","description-off"],"_links":{"self":[{"href":"https:\/\/arstaxes.com\/es\/wp-json\/wp\/v2\/pages\/299","targetHints":{"allow":["GET"]}}],"collection":[{"href":"https:\/\/arstaxes.com\/es\/wp-json\/wp\/v2\/pages"}],"about":[{"href":"https:\/\/arstaxes.com\/es\/wp-json\/wp\/v2\/types\/page"}],"author":[{"embeddable":true,"href":"https:\/\/arstaxes.com\/es\/wp-json\/wp\/v2\/users\/1"}],"replies":[{"embeddable":true,"href":"https:\/\/arstaxes.com\/es\/wp-json\/wp\/v2\/comments?post=299"}],"version-history":[{"count":4,"href":"https:\/\/arstaxes.com\/es\/wp-json\/wp\/v2\/pages\/299\/revisions"}],"predecessor-version":[{"id":369,"href":"https:\/\/arstaxes.com\/es\/wp-json\/wp\/v2\/pages\/299\/revisions\/369"}],"wp:attachment":[{"href":"https:\/\/arstaxes.com\/es\/wp-json\/wp\/v2\/media?parent=299"}],"curies":[{"name":"wp","href":"https:\/\/api.w.org\/{rel}","templated":true}]}}