{"id":309,"date":"2017-09-30T17:11:56","date_gmt":"2017-09-30T22:11:56","guid":{"rendered":"http:\/\/arstaxes.com\/business-services\/"},"modified":"2017-10-06T11:10:16","modified_gmt":"2017-10-06T16:10:16","slug":"servicios-de-negocios","status":"publish","type":"page","link":"https:\/\/arstaxes.com\/es\/servicios-de-negocios\/","title":{"rendered":"Servicios de Negocios"},"content":{"rendered":"<div class=\"wpb-content-wrapper\"><p>[vc_row margin_top=\u00bb0&#8243; margin_bottom=\u00bb0&#8243;][vc_column animation=\u00bb\u00bb][vc_column_text]<\/p>\n<h3>Cada mes o trimestre haremos lo siguiente para usted&#8230;<\/h3>\n<p>[\/vc_column_text]<div class=\"ult-spacer spacer-69dbba553acd1\" data-id=\"69dbba553acd1\" data-height=\"20\" data-height-mobile=\"20\" data-height-tab=\"20\" data-height-tab-portrait=\"\" data-height-mobile-landscape=\"\" style=\"clear:both;display:block;\"><\/div>[\/vc_column][\/vc_row][vc_row margin_top=\u00bb0&#8243; margin_bottom=\u00bb0&#8243;][vc_column animation=\u00bb\u00bb][vc_accordion active_tab=\u00bbfalse\u00bb style=\u00bb2&#8243;][vc_accordion_tab title=\u00bbReconciliar su cuenta bancaria\u00bb][vc_column_text]<\/p>\n<h3>Reconciliaci\u00f3n bancaria<\/h3>\n<p style=\"text-align: justify;\">Reconciliar su cuenta de cheques de negocios cada mes nos permite mantener su cuenta bancaria, contabilidad e impuestos actualizados. Tenernos reconciliar su cuenta cada mes le permite. Identificar los cheques perdidos, los dep\u00f3sitos perdidos y las transacciones de alambre no autorizadas. Detectar y prevenir cargos bancarios excesivos \/ injustificados y asegurar que las transacciones sean contabilizadas correctamente por su banco. Detectar y evitar malversaci\u00f3n de fondos de su empresa. \u00bfSabes c\u00f3mo est\u00e1 tu negocio? Realmente no se puede saber a menos que todas las cuentas se reconcilien y se contabilicen correctamente en su estado financiero. Administre su efectivo de manera m\u00e1s efectiva. La gesti\u00f3n adecuada de los fondos no s\u00f3lo ahorra dinero, sino que hace dinero para usted. Prot\u00e9gete a ti mismo. Mediante la oportuna conciliaci\u00f3n y objeci\u00f3n inmediata a su banco sobre cualquier cheque no autorizado, fraudulento o falsificado presentado a su banco y pagado por ese banco, puede liberar a su agencia de responsabilidad por el d\u00e9ficit y transferir el riesgo al banco. Esta raz\u00f3n para reconciliarse solo deber\u00eda ser suficiente. Existe crimen. Duerme mejor. Usted dormir\u00e1 m\u00e1s pac\u00edficamente por la noche sabiendo que sus cuentas bancarias se reconcilian, en equilibrio y que todos los fondos de custodia, cuentas, cheques y fondos desembolsados \u200b\u200bse contabilizan correctamente.<\/p>\n<p>[\/vc_column_text][\/vc_accordion_tab][vc_accordion_tab title=\u00bbEstado de Ganancias y Perdidas\u00bb][vc_column_text]<\/p>\n<h3>Estado de Ganancias y Perdidas<\/h3>\n<p>Una declaraci\u00f3n de ingresos, tambi\u00e9n conocida como una declaraci\u00f3n de p\u00e9rdidas y ganancias, b\u00e1sicamente a\u00f1ade una lista detallada de todos sus ingresos y resta una lista detallada de todos sus gastos para llegar a una ganancia o p\u00e9rdida para el per\u00edodo. Una declaraci\u00f3n de ingresos le permite:<\/p>\n<p>Rastrear ingresos y gastos para que pueda determinar el rendimiento operativo de su negocio.<\/p>\n<p>Determinar qu\u00e9 \u00e1reas de su negocio est\u00e1n sobre-presupuesto o bajo presupuesto.<\/p>\n<p>Identificar los elementos espec\u00edficos que est\u00e1n causando gastos inesperados. Como el tel\u00e9fono, fax, correo o gastos de suministro.<\/p>\n<p>Seguimiento de aumentos dram\u00e1ticos en los retornos de los productos o el costo de los bienes vendidos como porcentaje de las ventas.<\/p>\n<h5>Determinar su obligaci\u00f3n de impuestos.<\/h5>\n<p>[\/vc_column_text][\/vc_accordion_tab][vc_accordion_tab title=\u00bbHoja de Balance\u00bb][vc_column_text]<\/p>\n<h3>Hoja de balance<\/h3>\n<p>La hoja de balance le da una instant\u00e1nea de la situaci\u00f3n financiera de su negocio en un momento espec\u00edfico en el tiempo. Un balance le ayuda:<\/p>\n<p>R\u00e1pidamente obtener un control sobre la fortaleza financiera y las capacidades de su negocio.<\/p>\n<p>Identificar y analizar tendencias, particularmente en el \u00e1rea de cuentas por cobrar y pagar. Por ejemplo, si su ciclo de cuentas por cobrar se est\u00e1 alargando, tal vez pueda cobrar sus cuentas por cobrar de manera m\u00e1s agresiva.<\/p>\n<p>Determinar si su negocio est\u00e1 en condiciones de expandirse.<\/p>\n<p>Determinar si su negocio puede manejar f\u00e1cilmente los flujos financieros normales y los flujos de ingresos y gastos?<\/p>\n<p>Determine si necesita tomar medidas inmediatas para reforzar las reservas de efectivo?<\/p>\n<p>Determine si su negocio ha estado disminuyendo las cuentas por pagar para evitar una inevitable escasez de efectivo? Los balances, junto con las declaraciones de ingresos, son los elementos m\u00e1s b\u00e1sicos en la prestaci\u00f3n de informes financieros a prestamistas potenciales, tales como bancos, inversionistas y vendedores que est\u00e1n considerando la cantidad de cr\u00e9dito para otorgarle.[\/vc_column_text][\/vc_accordion_tab][vc_accordion_tab title=\u00bbMantenimiento del SubMayor de Operaciones\u00bb][vc_column_text]<\/p>\n<h3>Mantenimiento del SubMayor de Operaciones<\/h3>\n<p style=\"text-align: justify;\">El Sub Mayor de Operaciones es el n\u00facleo de los registros financieros de su empresa. Estos registros constituyen los \u00ablibros\u00bb centrales de su sistema. Puesto que cada transacci\u00f3n fluye a trav\u00e9s del Sub Mayor de Operaciones, un problema con el Sub Mayor de Operaciones da\u00f1a muchos de sus records contables. Hacer que revisemos su sistema de contabilidad general cada mes nos permite detectar cualquier discrepancia, como facturaci\u00f3n doble o cualquier pago no registrado. Entonces arreglaremos las discrepancias para que sus libros sean siempre precisos y mantenidos en forma de una manera adecuada.<\/p>\n<p>[\/vc_column_text][\/vc_accordion_tab][vc_accordion_tab title=\u00bbProporcionar consultas ilimitadas\u00bb][vc_column_text]<\/p>\n<h3>Proporcionar consultas ilimitadas<\/h3>\n<p>Como cliente de nuestra firma Accounting Revenue Service, Inc., puede contar con personal profesional para todas las consultas necesarias necesarias antes y despu\u00e9s de tomar decisiones contables o de impuestos. Estaremos m\u00e1s que encantados de ayudarle a tomar la mejor soluci\u00f3n, de acuerdo a su situaci\u00f3n o sus necesidades.[\/vc_column_text][\/vc_accordion_tab][\/vc_accordion][\/vc_column][\/vc_row][vc_row margin_top=\u00bb0&#8243; margin_bottom=\u00bb0&#8243;][vc_column animation=\u00bb\u00bb]<div class=\"ult-spacer spacer-69dbba553ad5a\" data-id=\"69dbba553ad5a\" data-height=\"30\" data-height-mobile=\"30\" data-height-tab=\"30\" data-height-tab-portrait=\"\" data-height-mobile-landscape=\"\" style=\"clear:both;display:block;\"><\/div>[vc_column_text]<\/p>\n<h3>Las tareas anteriores forman la base s\u00f3lida de su sistema de contabilidad empresarial.<br \/>\nUsted puede personalizar el paquete de servicios que recibe a\u00f1adiendo otros servicios:<\/h3>\n<p>[\/vc_column_text]<div class=\"ult-spacer spacer-69dbba553ad8d\" data-id=\"69dbba553ad8d\" data-height=\"20\" data-height-mobile=\"20\" data-height-tab=\"20\" data-height-tab-portrait=\"\" data-height-mobile-landscape=\"\" style=\"clear:both;display:block;\"><\/div>[\/vc_column][\/vc_row][vc_row margin_top=\u00bb0&#8243; margin_bottom=\u00bb0&#8243;][vc_column animation=\u00bb\u00bb][vc_accordion active_tab=\u00bbfalse\u00bb style=\u00bb2&#8243;][vc_accordion_tab title=\u00bbPlanificaci\u00f3n fiscal\u00bb][vc_column_text]<\/p>\n<h3><strong>Planificaci\u00f3n fiscal<\/strong><\/h3>\n<p style=\"text-align: justify;\">Es una evaluaci\u00f3n sistem\u00e1tica de las finanzas y las inversiones, para reducir la carga tributaria de manera leg\u00edtima. Comprende las implicaciones fiscales de diversas entradas y salidas de efectivo tales como composici\u00f3n salarial, renta de propiedad, pr\u00e9stamo hipotecario, inversiones, venta o compra de activos, obsequios y dep\u00f3sitos remunerados, para elaborar una estrategia de inversi\u00f3n adecuada que permita la realizaci\u00f3n de inversiones financieras Mientras que al mismo tiempo reducir la obligaci\u00f3n tributaria al m\u00ednimo. La mejor manera de hacerlo es con la ayuda de experimentados profesionales de impuestos. Tome orientaci\u00f3n de amigos y familiares con un grano de sal, ya que probablemente no est\u00e1n al d\u00eda sobre los \u00faltimos cambios en la legislaci\u00f3n fiscal y nuevas oportunidades para ahorrar dinero.<\/p>\n<p>[\/vc_column_text][\/vc_accordion_tab][vc_accordion_tab title=\u00bbServicios de n\u00f3mina\u00bb][vc_column_text]<\/p>\n<h3>Servicios de n\u00f3mina<\/h3>\n<p style=\"text-align: justify;\">Incluye el c\u00e1lculo de cheques de pago y obligaciones tributarias para cada empleado. Los cheques de pago pueden ser emitidos tan a menudo como usted necesita &#8211; semanal, bisemanal, mensual, semestral e incluso anualmente. O bien emitimos los cheques o hacemos los c\u00e1lculos para que lo hagas. Tambi\u00e9n nos encargamos de los impuestos que se deben pagar a las autoridades tributarias federales y estatales como resultado del pago de los empleados, y enviamos la documentaci\u00f3n requerida y los formularios necesarios para cada per\u00edodo.<\/p>\n<p>[\/vc_column_text][\/vc_accordion_tab][vc_accordion_tab title=\u00bbPreparacion de impuestos\u00bb][vc_column_text]<\/p>\n<h3><strong>Preparacion de impuestos<\/strong><\/h3>\n<p style=\"text-align: justify;\">Es el proceso de preparar las declaraciones de impuestos, a menudo las declaraciones de impuestos sobre el ingreso, para una corporaci\u00f3n. Las leyes de impuesto sobre la renta de los Estados Unidos se consideran complicadas y muchas corporaciones pierden dinero por no preparar sus impuestos con un preparador de impuestos profesional. Es importante tener en cuenta las implicaciones fiscales de cada decisi\u00f3n que toma, ahora y en el futuro, c\u00f3mo y cu\u00e1ndo hacer inversiones para hacer crecer su negocio es a menudo determinada por lo que las consecuencias fiscales son.<\/p>\n<p>[\/vc_column_text][\/vc_accordion_tab][vc_accordion_tab title=\u00bbControl de inventario\u00bb][vc_column_text]<\/p>\n<h3><strong>Control de inventario<\/strong><\/h3>\n<p>La gesti\u00f3n de inventario exitosa implica la creaci\u00f3n de un plan de compras que garantice que los art\u00edculos est\u00e9n disponibles cuando se necesiten (pero que no se adquiera ni demasiado ni demasiado poco) y el seguimiento del inventario existente y su uso. Dos estrategias comunes de gesti\u00f3n de inventario son el m\u00e9todo just-in-time, en el que las empresas planean recibir art\u00edculos seg\u00fan se necesiten en lugar de mantener altos niveles de inventario y planificaci\u00f3n de necesidades de materiales, que planifica entregas materiales basadas en las previsiones de ventas.[\/vc_column_text][\/vc_accordion_tab][vc_accordion_tab title=\u00bbCuentas por pagar\u00bb][vc_column_text]<\/p>\n<h3><strong>Cuentas por pagar<\/strong><\/h3>\n<p>Son deudas que deben ser pagadas dentro de un per\u00edodo de tiempo determinado. En otras palabras, las Cuentas por Pagar son pagos de deuda a corto plazo a proveedores y bancos.<\/p>\n<p>Las Cuentas por Pagar no se limitan a las corporaciones. A nivel de los hogares, las personas tambi\u00e9n est\u00e1n sujetas al pago de facturas por bienes o servicios que les proporcionan los acreedores, como la compa\u00f1\u00eda telef\u00f3nica, la compa\u00f1\u00eda de gas y la compa\u00f1\u00eda de cable, son tipos de acreedores. Cada uno de estos acreedores proporciona un servicio primero y luego factura al cliente despu\u00e9s del hecho.<\/p>\n<p>Cada pago de las demandas por los bienes o servicios prestados debe ser pagado en consecuencia. Si las personas o las empresas no pagan sus facturas, se considera que est\u00e1n en mora.[\/vc_column_text][\/vc_accordion_tab][vc_accordion_tab title=\u00bbCuentas por cobrar\u00bb][vc_column_text]<\/p>\n<h3>Cuentas por cobrar<\/h3>\n<p>Dinero adeudado por clientes (individuos o corporaciones) a otra entidad a cambio de bienes o servicios que han sido entregados o utilizados, pero que a\u00fan no han sido pagados. Las cuentas por cobrar generalmente vienen en forma de l\u00edneas de cr\u00e9dito de operaci\u00f3n y generalmente se deben dentro de un per\u00edodo de tiempo relativamente corto, que van desde unos d\u00edas a un a\u00f1o.<\/p>\n<p>Si una empresa tiene cuentas por cobrar, esto significa que ha hecho una venta, pero todav\u00eda tiene que recoger el dinero del comprador. La mayor\u00eda de las empresas operan permitiendo que parte de sus ventas o servicios est\u00e9n a cr\u00e9dito. Estos tipos de ventas se hacen generalmente a los clientes frecuentes o especiales que se facturan peri\u00f3dicamente, y les permiten evitar la molestia de hacer f\u00edsicamente los pagos a medida que cada transacci\u00f3n se produce.[\/vc_column_text][\/vc_accordion_tab][vc_accordion_tab title=\u00bbDireccion Comercial y Buzon de Correspondencia\u00bb][vc_column_text]<\/p>\n<h3>Direccion Comercial y Buzon de Correspondencia<\/h3>\n<p><strong><u>Precios de Renta de Oficina Profesional:<\/u><\/strong><\/p>\n<ul>\n<li>Por hora, $25.00 la hora<\/li>\n<li>Por dia, $130.00 el dia.<\/li>\n<li>Por Semana $400.00 la semana.<\/li>\n<li>Por mes $800.00 al mes<\/li>\n<\/ul>\n<p>El hoarario de oficina en todos los caosos es de 9.30 AM to 5.30 PM.<br \/>\nHoras extras seran acordadas segun lo requerido y con tarifas adicionales.<\/p>\n<p><strong><u>La Renta de Oficina, incluye:<\/u><\/strong><\/p>\n<ul>\n<li>Electricidad<\/li>\n<li>Agua<\/li>\n<li>Internet<\/li>\n<li>Linea de Telefono<\/li>\n<li>Servicio de Fax<\/li>\n<li>Servicio de Fotocopia<\/li>\n<li>Servicio de Scanner<\/li>\n<li>Escritorio<\/li>\n<li>Mesa de Conferencia para 6 Personas<\/li>\n<\/ul>\n<p>La opcion de renta mensual incluye direccion comercial y buzon de correspondencia, con direccion fisica (No PO Box).<\/p>\n<p><strong><u>Precios de Buzon de Correspondencia:<\/u><\/strong><\/p>\n<p><strong><u>Primera Opcion:<\/u><\/strong><\/p>\n<ul>\n<li>$25.00 Mensual.<\/li>\n<\/ul>\n<p><strong><u>Incluye:<\/u><\/strong><\/p>\n<ul>\n<li>Direccion Comercial (No PO Box).<\/li>\n<li>Direccion Fisica (No PO Box).<\/li>\n<li>Buzon de correspondencia privado.<\/li>\n<li>Deposito de correspondencion en buzon privado.<\/li>\n<\/ul>\n<p><strong><u>Segunda Opcion:<\/u><\/strong><\/p>\n<ul>\n<li>$30.00 Mensuales.<\/li>\n<\/ul>\n<p><strong><u>Incluye:<\/u><\/strong><\/p>\n<ul>\n<li>Direccion Comercial (No PO Box).<\/li>\n<li>Direccion Fisica (No PO Box).<\/li>\n<li>Buzon de correspondencia privado.<\/li>\n<li>Apertura escaneo y envio por email de la correspondencia recibida.<\/li>\n<li>Colocaci\u00f3n del correo en su buz\u00f3n privado.<\/li>\n<\/ul>\n<p>[\/vc_column_text][\/vc_accordion_tab][vc_accordion_tab title=\u00bbC\u00e1lculo y pagos de impuestos sobre ventas\u00bb][vc_column_text]<\/p>\n<h3><strong>C\u00e1lculo y pagos de impuestos sobre ventas<\/strong><\/h3>\n<p>Un impuesto sobre las ventas es un impuesto pagado a un cuerpo gobernante por las ventas de ciertos bienes y servicios. Por lo general, las leyes permiten (o exigen) que el vendedor recaude fondos para el impuesto del consumidor en el punto de compra. El impuesto sobre las ventas es complicado. En Accounting Revenue Service Inc le ayudamos a hacerlo m\u00e1s f\u00e1cil. Reducimos el riesgo de auditor\u00eda con servicios de impuestos de ventas precisos que facilitan el c\u00e1lculo de tarifas, el env\u00edo de formularios y la remisi\u00f3n de pagos.[\/vc_column_text][\/vc_accordion_tab][\/vc_accordion]<div class=\"ult-spacer spacer-69dbba553adb1\" data-id=\"69dbba553adb1\" data-height=\"20\" data-height-mobile=\"20\" data-height-tab=\"20\" data-height-tab-portrait=\"\" data-height-mobile-landscape=\"\" style=\"clear:both;display:block;\"><\/div>[\/vc_column][\/vc_row][vc_row margin_top=\u00bb0&#8243; margin_bottom=\u00bb0&#8243;][vc_column animation=\u00bb\u00bb][vc_column_text]<\/p>\n<h3>O cualquier otro servicio de acuerdo a las necesidades de su empresa.<\/h3>\n<p>[\/vc_column_text][\/vc_column][\/vc_row]<\/p>\n<\/div>","protected":false},"excerpt":{"rendered":"<p>[vc_row margin_top=\u00bb0&#8243; margin_bottom=\u00bb0&#8243;][vc_column animation=\u00bb\u00bb][vc_column_text] Cada mes o trimestre haremos lo siguiente para usted&#8230; [\/vc_column_text][\/vc_column][\/vc_row][vc_row margin_top=\u00bb0&#8243; margin_bottom=\u00bb0&#8243;][vc_column animation=\u00bb\u00bb][vc_accordion active_tab=\u00bbfalse\u00bb style=\u00bb2&#8243;][vc_accordion_tab title=\u00bbReconciliar su cuenta bancaria\u00bb][vc_column_text] Reconciliaci\u00f3n bancaria Reconciliar su cuenta de cheques de negocios cada mes nos permite mantener su cuenta bancaria, contabilidad e impuestos actualizados. Tenernos reconciliar su cuenta cada mes le permite. Identificar los cheques&hellip;<\/p>\n","protected":false},"author":1,"featured_media":0,"parent":0,"menu_order":210,"comment_status":"closed","ping_status":"closed","template":"","meta":{"footnotes":""},"class_list":["post-309","page","type-page","status-publish","hentry","description-off"],"_links":{"self":[{"href":"https:\/\/arstaxes.com\/es\/wp-json\/wp\/v2\/pages\/309","targetHints":{"allow":["GET"]}}],"collection":[{"href":"https:\/\/arstaxes.com\/es\/wp-json\/wp\/v2\/pages"}],"about":[{"href":"https:\/\/arstaxes.com\/es\/wp-json\/wp\/v2\/types\/page"}],"author":[{"embeddable":true,"href":"https:\/\/arstaxes.com\/es\/wp-json\/wp\/v2\/users\/1"}],"replies":[{"embeddable":true,"href":"https:\/\/arstaxes.com\/es\/wp-json\/wp\/v2\/comments?post=309"}],"version-history":[{"count":4,"href":"https:\/\/arstaxes.com\/es\/wp-json\/wp\/v2\/pages\/309\/revisions"}],"predecessor-version":[{"id":319,"href":"https:\/\/arstaxes.com\/es\/wp-json\/wp\/v2\/pages\/309\/revisions\/319"}],"wp:attachment":[{"href":"https:\/\/arstaxes.com\/es\/wp-json\/wp\/v2\/media?parent=309"}],"curies":[{"name":"wp","href":"https:\/\/api.w.org\/{rel}","templated":true}]}}