{"id":310,"date":"2017-09-30T17:17:22","date_gmt":"2017-09-30T22:17:22","guid":{"rendered":"http:\/\/arstaxes.com\/personal-services\/"},"modified":"2017-10-06T14:10:25","modified_gmt":"2017-10-06T19:10:25","slug":"servicios-personales","status":"publish","type":"page","link":"https:\/\/arstaxes.com\/es\/servicios-personales\/","title":{"rendered":"Servicios Personales"},"content":{"rendered":"<div class=\"wpb-content-wrapper\"><p>[vc_row margin_top=\u00bb0&#8243; margin_bottom=\u00bb0&#8243;][vc_column animation=\u00bb\u00bb][vc_column_text]<\/p>\n<h3>Adem\u00e1s de minimizar o diferir sus pasivos por impuestos sobre el dinero ganado, los especialistas en impuestos de Accounting Revenue Service integran la planificaci\u00f3n tributaria con sus objetivos financieros proporcion\u00e1ndole asesoramiento estrat\u00e9gico y proactivo personalizado.<\/h3>\n<p>[\/vc_column_text]<div class=\"ult-spacer spacer-69dbba4e56f85\" data-id=\"69dbba4e56f85\" data-height=\"20\" data-height-mobile=\"20\" data-height-tab=\"20\" data-height-tab-portrait=\"\" data-height-mobile-landscape=\"\" style=\"clear:both;display:block;\"><\/div>[\/vc_column][\/vc_row][vc_row margin_top=\u00bb0&#8243; margin_bottom=\u00bb0&#8243;][vc_column animation=\u00bb\u00bb][vc_accordion active_tab=\u00bbfalse\u00bb style=\u00bb2&#8243;][vc_accordion_tab title=\u00bbPreparacion de impuestos\u00bb][vc_column_text]<\/p>\n<h3>Preparacion de impuestos<\/h3>\n<p>Preparar su propia declaraci\u00f3n de impuestos puede ser una tarea que le deja con m\u00e1s preguntas que respuestas. Seg\u00fan un estudio publicado por la Oficina General de Contabilidad del Gobierno de los Estados Unidos el a\u00f1o pasado, la mayor\u00eda de los contribuyentes (77% de 71 millones de contribuyentes) creen que se beneficiaron de usar un preparador de impuestos profesional. Nos guste o no, las leyes tributarias actuales son tan complicadas que presentar una declaraci\u00f3n relativamente simple puede ser confuso. Es demasiado f\u00e1cil pasar por alto las deducciones y los cr\u00e9ditos a los que tiene derecho. Incluso si utiliza un programa inform\u00e1tico no hay sustituto para la asistencia de un profesional de impuestos con experiencia. Esto es lo que obtiene &#8230;: Su declaraci\u00f3n de impuestos ser\u00e1 verificada y revisada nuevamente por nuestros Profesionales de Impuestos, identificando problemas potenciales que el IRS puede observar m\u00e1s de cerca y revisando las matem\u00e1ticas para limitar los contactos del IRS Su declaraci\u00f3n de impuestos puede ser archivada electr\u00f3nicamente para que reciba un reembolso Volver m\u00e1s r\u00e1pido. Nuestro personal le mostrar\u00e1 c\u00f3mo ajustar su retenci\u00f3n de n\u00f3mina para obtener m\u00e1s dinero cada semana. \u00bfPor qu\u00e9 dar al IRS un pr\u00e9stamo sin intereses de hasta 16 meses. Le mostraremos las deducciones potenciales para limitar su obligaci\u00f3n fiscal para el pr\u00f3ximo a\u00f1o. Es importante tener en cuenta las implicaciones fiscales de cada decisi\u00f3n que toma, ahora y en el futuro, c\u00f3mo se manejan sus asuntos personales a menudo se determina por lo que las consecuencias fiscales.[\/vc_column_text][\/vc_accordion_tab][vc_accordion_tab title=\u00bbEstados de Ganancias y Perdidas Personales\u00bb][vc_column_text]<\/p>\n<h3>Estados de Ganancias y Perdidas Personales<\/h3>\n<p>Cuando sea solicitado por nuestros clientes.[\/vc_column_text][\/vc_accordion_tab][vc_accordion_tab title=\u00bbConsejos Financieros\u00bb][vc_column_text]<\/p>\n<h3>Consejos Financieros<\/h3>\n<p>Cuando sea solicitado por nuestros clientes.[\/vc_column_text][\/vc_accordion_tab][vc_accordion_tab title=\u00bbSoluciones de problemas fiscales del IRS\u00bb][vc_column_text]<\/p>\n<h3>Soluciones de problemas fiscales del IRS<\/h3>\n<p>Cuando sea solicitado por nuestros clientes.[\/vc_column_text][\/vc_accordion_tab][vc_accordion_tab title=\u00bbDireccion Comercial y Buzon de Correspondencia\u00bb][vc_column_text]<strong>Direccion Comercial y Buzon de Correspondencia<\/strong><\/p>\n<p><strong><u>Precios de Renta de Oficina Profesional:<\/u><\/strong><\/p>\n<ul>\n<li>Por hora, $25.00 la hora<\/li>\n<li>Por dia, $130.00 el dia.<\/li>\n<li>Por Semana $400.00 la semana.<\/li>\n<li>Por mes $800.00 al mes<\/li>\n<\/ul>\n<p>El hoarario de oficina en todos los caosos es de 9.30 AM to 5.30 PM.<br \/>\nHoras extras seran acordadas segun lo requerido y con tarifas adicionales.<\/p>\n<p><strong><u>La Renta de Oficina, incluye:<\/u><\/strong><\/p>\n<ul>\n<li>Electricidad<\/li>\n<li>Agua<\/li>\n<li>Internet<\/li>\n<li>Linea de Telefono<\/li>\n<li>Servicio de Fax<\/li>\n<li>Servicio de Fotocopia<\/li>\n<li>Servicio de Scanner<\/li>\n<li>Escritorio<\/li>\n<li>Mesa de Conferencia para 6 Personas<\/li>\n<\/ul>\n<p>La opcion de renta mensual incluye direccion comercial y buzon de correspondencia, con direccion fisica (No PO Box).<\/p>\n<p><strong><u>Precios de Buzon de Correspondencia:<\/u><\/strong><\/p>\n<p><strong><u>Primera Opcion:<\/u><\/strong><\/p>\n<ul>\n<li>$25.00 Mensual.<\/li>\n<\/ul>\n<p><strong><u>Incluye:<\/u><\/strong><\/p>\n<ul>\n<li>Direccion Comercial (No PO Box).<\/li>\n<li>Direccion Fisica (No PO Box).<\/li>\n<li>Buzon de correspondencia privado.<\/li>\n<li>Deposito de correspondencion en buzon privado.<\/li>\n<\/ul>\n<p><strong><u>Segunda Opcion:<\/u><\/strong><\/p>\n<ul>\n<li>$30.00 Mensuales.<\/li>\n<\/ul>\n<p><strong><u>Incluye:<\/u><\/strong><\/p>\n<ul>\n<li>Direccion Comercial (No PO Box).<\/li>\n<li>Direccion Fisica (No PO Box).<\/li>\n<li>Buzon de correspondencia privado.<\/li>\n<li>Apertura escaneo y envio por email de la correspondencia recibida.<\/li>\n<li>Colocaci\u00f3n del correo en su buz\u00f3n privado.<\/li>\n<\/ul>\n<p>[\/vc_column_text][\/vc_accordion_tab][\/vc_accordion][\/vc_column][\/vc_row][vc_row margin_top=\u00bb0&#8243; margin_bottom=\u00bb0&#8243;][vc_column animation=\u00bb\u00bb]<div class=\"ult-spacer spacer-69dbba4e56fe5\" data-id=\"69dbba4e56fe5\" data-height=\"30\" data-height-mobile=\"30\" data-height-tab=\"30\" data-height-tab-portrait=\"\" data-height-mobile-landscape=\"\" style=\"clear:both;display:block;\"><\/div>[vc_column_text]<\/p>\n<h3>O cualquier otro servicio de acuerdo a sus necesidades personales.<\/h3>\n<p>[\/vc_column_text][\/vc_column][\/vc_row]<\/p>\n<\/div>","protected":false},"excerpt":{"rendered":"<p>[vc_row margin_top=\u00bb0&#8243; margin_bottom=\u00bb0&#8243;][vc_column animation=\u00bb\u00bb][vc_column_text] Adem\u00e1s de minimizar o diferir sus pasivos por impuestos sobre el dinero ganado, los especialistas en impuestos de Accounting Revenue Service integran la planificaci\u00f3n tributaria con sus objetivos financieros proporcion\u00e1ndole asesoramiento estrat\u00e9gico y proactivo personalizado. [\/vc_column_text][\/vc_column][\/vc_row][vc_row margin_top=\u00bb0&#8243; margin_bottom=\u00bb0&#8243;][vc_column animation=\u00bb\u00bb][vc_accordion active_tab=\u00bbfalse\u00bb style=\u00bb2&#8243;][vc_accordion_tab title=\u00bbPreparacion de impuestos\u00bb][vc_column_text] Preparacion de impuestos Preparar su propia declaraci\u00f3n&hellip;<\/p>\n","protected":false},"author":1,"featured_media":0,"parent":0,"menu_order":220,"comment_status":"closed","ping_status":"closed","template":"","meta":{"footnotes":""},"class_list":["post-310","page","type-page","status-publish","hentry","description-off"],"_links":{"self":[{"href":"https:\/\/arstaxes.com\/es\/wp-json\/wp\/v2\/pages\/310","targetHints":{"allow":["GET"]}}],"collection":[{"href":"https:\/\/arstaxes.com\/es\/wp-json\/wp\/v2\/pages"}],"about":[{"href":"https:\/\/arstaxes.com\/es\/wp-json\/wp\/v2\/types\/page"}],"author":[{"embeddable":true,"href":"https:\/\/arstaxes.com\/es\/wp-json\/wp\/v2\/users\/1"}],"replies":[{"embeddable":true,"href":"https:\/\/arstaxes.com\/es\/wp-json\/wp\/v2\/comments?post=310"}],"version-history":[{"count":4,"href":"https:\/\/arstaxes.com\/es\/wp-json\/wp\/v2\/pages\/310\/revisions"}],"predecessor-version":[{"id":318,"href":"https:\/\/arstaxes.com\/es\/wp-json\/wp\/v2\/pages\/310\/revisions\/318"}],"wp:attachment":[{"href":"https:\/\/arstaxes.com\/es\/wp-json\/wp\/v2\/media?parent=310"}],"curies":[{"name":"wp","href":"https:\/\/api.w.org\/{rel}","templated":true}]}}