{"id":323,"date":"2017-10-01T10:01:45","date_gmt":"2017-10-01T15:01:45","guid":{"rendered":"http:\/\/arstaxes.com\/servicios-de-nuestros-asociados\/"},"modified":"2017-10-06T15:34:41","modified_gmt":"2017-10-06T20:34:41","slug":"servicios-de-nuestros-asociados","status":"publish","type":"page","link":"https:\/\/arstaxes.com\/es\/servicios-de-nuestros-asociados\/","title":{"rendered":"Servicios de nuestros Asociados"},"content":{"rendered":"<div class=\"wpb-content-wrapper\"><p>[vc_row margin_top=\u00bb0&#8243; margin_bottom=\u00bb0&#8243;][vc_column animation=\u00bb\u00bb][vc_column_text]<\/p>\n<h3>Adem\u00e1s de tener un grupo de \u00e9lite de profesionales de la contabilidad y el impuesto, Accounting Revenue Service, Inc, tambi\u00e9n se asocia con un grupo de profesionales altamente calificados que ofrecen los siguientes servicios:<\/h3>\n<p>[\/vc_column_text]<div class=\"ult-spacer spacer-69dbba5662892\" data-id=\"69dbba5662892\" data-height=\"20\" data-height-mobile=\"20\" data-height-tab=\"20\" data-height-tab-portrait=\"\" data-height-mobile-landscape=\"\" style=\"clear:both;display:block;\"><\/div>[\/vc_column][\/vc_row][vc_row margin_top=\u00bb0&#8243; margin_bottom=\u00bb0&#8243;][vc_column animation=\u00bb\u00bb][vc_accordion active_tab=\u00bbfalse\u00bb style=\u00bb2&#8243;][vc_accordion_tab title=\u00bbServicios Paralegales\u00bb][vc_column_text]<strong>Servicios Paralegales<\/strong><\/p>\n<ul>\n<li>Residencia<\/li>\n<li>Renovacion de Residencia<\/li>\n<li>Permiso de Trabajo<\/li>\n<li>Ciudadania<\/li>\n<li>Permiso de Reingreso<\/li>\n<li>Peticion de Fasmilia<\/li>\n<li>Peticion de Novios<\/li>\n<li>Solicitud de Renovaci\u00f3n de Condiciones de Residencia<\/li>\n<li>Declaraciones juradas<\/li>\n<li>Traducciones<\/li>\n<li>Matrimonio<\/li>\n<li>Divorcios<\/li>\n<\/ul>\n<p>[\/vc_column_text][\/vc_accordion_tab][vc_accordion_tab title=\u00bbServicios Inmobiliarios\u00bb][vc_column_text]<\/p>\n<h3><strong>Servicios Inmobiliario<\/strong>s<\/h3>\n<p>A solicitud de nuestros clientes[\/vc_column_text][\/vc_accordion_tab][vc_accordion_tab title=\u00bbServicios de Mercadeo y Publicidad\u00bb][vc_column_text]<\/p>\n<h3>Servicios de Mercadeo y Publicidad<\/h3>\n<p>A solicitud de nuestros clientes[\/vc_column_text][\/vc_accordion_tab][vc_accordion_tab title=\u00bbDireccion Comercial y Buzon de Correspondencia\u00bb][vc_column_text]<strong>Direccion Comercial y Buzon de Correspondencia<\/strong><\/p>\n<p><strong><u>Precios de Renta de Oficina Profesional:<\/u><\/strong><\/p>\n<ul>\n<li>Por hora, $25.00 la hora<\/li>\n<li>Por dia, $130.00 el dia.<\/li>\n<li>Por Semana $400.00 la semana.<\/li>\n<li>Por mes $800.00 al mes<\/li>\n<\/ul>\n<p>El hoarario de oficina en todos los caosos es de 9.30 AM to 5.30 PM.<br \/>\nHoras extras seran acordadas segun lo requerido y con tarifas adicionales.<\/p>\n<p><strong><u>La Renta de Oficina, incluye:<\/u><\/strong><\/p>\n<ul>\n<li>Electricidad<\/li>\n<li>Agua<\/li>\n<li>Internet<\/li>\n<li>Linea de Telefono<\/li>\n<li>Servicio de Fax<\/li>\n<li>Servicio de Fotocopia<\/li>\n<li>Servicio de Scanner<\/li>\n<li>Escritorio<\/li>\n<li>Mesa de Conferencia para 6 Personas<\/li>\n<\/ul>\n<p>La opcion de renta mensual incluye direccion comercial y buzon de correspondencia, con direccion fisica (No PO Box).<\/p>\n<p><strong><u>Precios de Buzon de Correspondencia:<\/u><\/strong><\/p>\n<p><strong><u>Primera Opcion:<\/u><\/strong><\/p>\n<ul>\n<li>$25.00 Mensual.<\/li>\n<\/ul>\n<p><strong><u>Incluye:<\/u><\/strong><\/p>\n<ul>\n<li>Direccion Comercial (No PO Box).<\/li>\n<li>Direccion Fisica (No PO Box).<\/li>\n<li>Buzon de correspondencia privado.<\/li>\n<li>Deposito de correspondencion en buzon privado.<\/li>\n<\/ul>\n<p><strong><u>Segunda Opcion:<\/u><\/strong><\/p>\n<ul>\n<li>$30.00 Mensuales.<\/li>\n<\/ul>\n<p><strong><u>Incluye:<\/u><\/strong><\/p>\n<ul>\n<li>Direccion Comercial (No PO Box).<\/li>\n<li>Direccion Fisica (No PO Box).<\/li>\n<li>Buzon de correspondencia privado.<\/li>\n<li>Apertura escaneo y envio por email de la correspondencia recibida.<\/li>\n<li>Colocaci\u00f3n del correo en su buz\u00f3n privado.<\/li>\n<\/ul>\n<p>[\/vc_column_text][\/vc_accordion_tab][vc_accordion_tab title=\u00bbConsultor\u00eda Internacional de Inversiones\u00bb][vc_column_text]<\/p>\n<h3>Consultor\u00eda Internacional de Inversiones<\/h3>\n<p>A solicitud de nuestros clientes[\/vc_column_text][\/vc_accordion_tab][\/vc_accordion][\/vc_column][\/vc_row][vc_row margin_top=\u00bb0&#8243; margin_bottom=\u00bb0&#8243;][vc_column animation=\u00bb\u00bb]<div class=\"ult-spacer spacer-69dbba5662904\" data-id=\"69dbba5662904\" data-height=\"30\" data-height-mobile=\"30\" data-height-tab=\"30\" data-height-tab-portrait=\"\" data-height-mobile-landscape=\"\" style=\"clear:both;display:block;\"><\/div>[vc_column_text]<\/p>\n<h3><strong>O cualquier otro servicio de acuerdo a sus necesidades personales<\/strong>.<\/h3>\n<p>[\/vc_column_text][\/vc_column][\/vc_row]<\/p>\n<\/div>","protected":false},"excerpt":{"rendered":"<p>[vc_row margin_top=\u00bb0&#8243; margin_bottom=\u00bb0&#8243;][vc_column animation=\u00bb\u00bb][vc_column_text] Adem\u00e1s de tener un grupo de \u00e9lite de profesionales de la contabilidad y el impuesto, Accounting Revenue Service, Inc, tambi\u00e9n se asocia con un grupo de profesionales altamente calificados que ofrecen los siguientes servicios: [\/vc_column_text][\/vc_column][\/vc_row][vc_row margin_top=\u00bb0&#8243; margin_bottom=\u00bb0&#8243;][vc_column animation=\u00bb\u00bb][vc_accordion active_tab=\u00bbfalse\u00bb style=\u00bb2&#8243;][vc_accordion_tab title=\u00bbServicios Paralegales\u00bb][vc_column_text]Servicios Paralegales Residencia Renovacion de Residencia Permiso de Trabajo Ciudadania&hellip;<\/p>\n","protected":false},"author":1,"featured_media":0,"parent":0,"menu_order":240,"comment_status":"closed","ping_status":"closed","template":"","meta":{"footnotes":""},"class_list":["post-323","page","type-page","status-publish","hentry","description-off"],"_links":{"self":[{"href":"https:\/\/arstaxes.com\/es\/wp-json\/wp\/v2\/pages\/323","targetHints":{"allow":["GET"]}}],"collection":[{"href":"https:\/\/arstaxes.com\/es\/wp-json\/wp\/v2\/pages"}],"about":[{"href":"https:\/\/arstaxes.com\/es\/wp-json\/wp\/v2\/types\/page"}],"author":[{"embeddable":true,"href":"https:\/\/arstaxes.com\/es\/wp-json\/wp\/v2\/users\/1"}],"replies":[{"embeddable":true,"href":"https:\/\/arstaxes.com\/es\/wp-json\/wp\/v2\/comments?post=323"}],"version-history":[{"count":4,"href":"https:\/\/arstaxes.com\/es\/wp-json\/wp\/v2\/pages\/323\/revisions"}],"predecessor-version":[{"id":379,"href":"https:\/\/arstaxes.com\/es\/wp-json\/wp\/v2\/pages\/323\/revisions\/379"}],"wp:attachment":[{"href":"https:\/\/arstaxes.com\/es\/wp-json\/wp\/v2\/media?parent=323"}],"curies":[{"name":"wp","href":"https:\/\/api.w.org\/{rel}","templated":true}]}}